{"id":880,"date":"2016-03-25T14:10:19","date_gmt":"2016-03-25T14:10:19","guid":{"rendered":"http:\/\/realtheater-praktikum.de\/?page_id=880"},"modified":"2018-05-22T23:48:56","modified_gmt":"2018-05-22T23:48:56","slug":"realtheater-buehnen-e-v","status":"publish","type":"page","link":"https:\/\/realtheater-praktikum.de\/?page_id=880","title":{"rendered":"Realtheater &#038; B\u00fchnen e.V."},"content":{"rendered":"<p>Der gemeinn\u00fctzige Verein Realtheater &amp; B\u00fchnen e.V. wurde im Herbst\u00a02015 gegr\u00fcndet.<\/p>\n<p>Zweck des Vereins ist die F\u00f6rderung von Kultur und Kunst.<\/p>\n<p>Der Zweck wird insbesondere durch die Organisation, Entwicklung und Durchf\u00fchrung von Ma\u00dfnahmen der kulturellen Bildung verwirklicht, die, nach Auffassung der Gr\u00fcndungsmitglieder, die Basis f\u00fcr den Erhalt und Ausbau einer vitalen, innovativen\u00a0und aussagekr\u00e4ftigen Kunst ist.<\/p>\n<p>&nbsp;<\/p>\n<p>Realtheater &amp; B\u00fchnen e.V.<\/p>\n<p>Baakendorfer Str. 28<\/p>\n<p>45478 M\u00fclheim an der Ruhr<\/p>\n<p>&nbsp;<\/p>\n<p>1. Vorsitzender: Peter Eisold<\/p>\n<p>2. Vorsitzender: Andreas Fr\u00f6hlke<\/p>\n<p>Kassenwart: Prof. Dr. Andreas Sauer<\/p>\n<p>&nbsp;<\/p>\n<p>Amtsgericht Duisburg VR 5503<\/p>\n<p>Finanzamt M\u00fclheim an der Ruhr<\/p>\n<p>120\/5702\/1583<\/p>\n<p>&nbsp;<\/p>\n<p><a href=\"https:\/\/realtheater-praktikum.de\/wp-content\/uploads\/2016\/01\/REALTHEATERSATZUNG_DEF_OKT_15.pdf\"><span style=\"color: #3576be;\"><span style=\"font-family: OpenSans, sans-serif;\"><span style=\"font-size: large;\">REALTHEATERSATZUNG_DEF_OKT_15<\/span><\/span><\/span><\/a><\/p>\n<p>&nbsp;<\/p>\n<p>Realtheater und B\u00fchnen e.V. erm\u00f6glichte die weitere Zusammenarbeit mit der Internationalen Klasse im Fr\u00fchjahr 2016<\/p>\n<div style=\"width: 631px;\" class=\"wp-video\"><!--[if lt IE 9]><script>document.createElement('video');<\/script><![endif]-->\n<video class=\"wp-video-shortcode\" id=\"video-880-1\" width=\"631\" height=\"355\" preload=\"metadata\" controls=\"controls\"><source type=\"video\/mp4\" src=\"https:\/\/realtheater-praktikum.de\/wp-content\/uploads\/2015\/02\/Beispiel-Ausschnitt-Rennen.m4v?_=1\" \/><a href=\"https:\/\/realtheater-praktikum.de\/wp-content\/uploads\/2015\/02\/Beispiel-Ausschnitt-Rennen.m4v\">https:\/\/realtheater-praktikum.de\/wp-content\/uploads\/2015\/02\/Beispiel-Ausschnitt-Rennen.m4v<\/a><\/video><\/div>\n<p>&nbsp;<\/p>\n<p>September 2016 &#8222;Klassentreffen&#8220;<\/p>\n<p>Akteure des Realtheaters und das &#8222;Dimbecker Ensemble&#8220; begegnen sich auf der B\u00fchne. Sie haben eine gemeinsame Probe. Sie springen in das eiskalte Wasser und zeigen sich einem geneigten Publikum. Das Ergebnis war weit davon entfernt perfekt zu sein &#8211; aber es hatte Charme &amp; Witz.<\/p>\n<p>Aus dem &#8222;Klassentreffen&#8220; ergab sich die Kooperation von Realtheater &amp; B\u00fchnen e.V. und der Seniorenresidenz Alloheim \/ Wohnpark Dimbeck 2017.<\/p>\n<p><a href=\"https:\/\/realtheater-praktikum.de\/?attachment_id=1320\" rel=\"attachment wp-att-1320\"><img loading=\"lazy\" decoding=\"async\" class=\"size-large wp-image-1320\" src=\"https:\/\/realtheater-praktikum.de\/wp-content\/uploads\/2016\/03\/SAM_0510-1024x683.jpg\" alt=\"SAMSUNG CSC\" width=\"631\" height=\"421\" srcset=\"https:\/\/realtheater-praktikum.de\/wp-content\/uploads\/2016\/03\/SAM_0510-1024x683.jpg 1024w, https:\/\/realtheater-praktikum.de\/wp-content\/uploads\/2016\/03\/SAM_0510-300x200.jpg 300w, https:\/\/realtheater-praktikum.de\/wp-content\/uploads\/2016\/03\/SAM_0510-768x512.jpg 768w\" sizes=\"(max-width: 631px) 100vw, 631px\" \/><\/a><\/p>\n","protected":false},"excerpt":{"rendered":"<p class=\"excerpt\">Der gemeinn\u00fctzige Verein Realtheater &amp; B\u00fchnen e.V. wurde im Herbst\u00a02015 gegr\u00fcndet. Zweck des Vereins ist die F\u00f6rderung von Kultur und Kunst. Der Zweck wird insbesondere durch die Organisation, Entwicklung und Durchf\u00fchrung von Ma\u00dfnahmen der kulturellen Bildung verwirklicht, die, nach Auffassung der Gr\u00fcndungsmitglieder, die Basis f\u00fcr den Erhalt und Ausbau einer vitalen, innovativen\u00a0und aussagekr\u00e4ftigen Kunst ist. &nbsp; Realtheater &amp; B\u00fchnen e.V.&hellip;<\/p>\n<p class=\"more-link-p\"><a class=\"btn btn-default\" href=\"https:\/\/realtheater-praktikum.de\/?page_id=880\">Read more<\/a><\/p>\n","protected":false},"author":1,"featured_media":0,"parent":0,"menu_order":0,"comment_status":"closed","ping_status":"closed","template":"","meta":{"footnotes":""},"_links":{"self":[{"href":"https:\/\/realtheater-praktikum.de\/index.php?rest_route=\/wp\/v2\/pages\/880"}],"collection":[{"href":"https:\/\/realtheater-praktikum.de\/index.php?rest_route=\/wp\/v2\/pages"}],"about":[{"href":"https:\/\/realtheater-praktikum.de\/index.php?rest_route=\/wp\/v2\/types\/page"}],"author":[{"embeddable":true,"href":"https:\/\/realtheater-praktikum.de\/index.php?rest_route=\/wp\/v2\/users\/1"}],"replies":[{"embeddable":true,"href":"https:\/\/realtheater-praktikum.de\/index.php?rest_route=%2Fwp%2Fv2%2Fcomments&post=880"}],"version-history":[{"count":23,"href":"https:\/\/realtheater-praktikum.de\/index.php?rest_route=\/wp\/v2\/pages\/880\/revisions"}],"predecessor-version":[{"id":1334,"href":"https:\/\/realtheater-praktikum.de\/index.php?rest_route=\/wp\/v2\/pages\/880\/revisions\/1334"}],"wp:attachment":[{"href":"https:\/\/realtheater-praktikum.de\/index.php?rest_route=%2Fwp%2Fv2%2Fmedia&parent=880"}],"curies":[{"name":"wp","href":"https:\/\/api.w.org\/{rel}","templated":true}]}}