{"id":79,"date":"2015-02-07T16:35:56","date_gmt":"2015-02-07T16:35:56","guid":{"rendered":"http:\/\/realtheater-praktikum.de\/?page_id=79"},"modified":"2017-11-03T14:10:14","modified_gmt":"2017-11-03T14:10:14","slug":"79-2","status":"publish","type":"page","link":"https:\/\/realtheater-praktikum.de\/?page_id=79","title":{"rendered":"Abh\u00e4nger"},"content":{"rendered":"<p>&nbsp;<\/p>\n<p><strong>Etwas Besseres als das Nichts\u00a0finden wir \u00fcberall?<\/strong><\/p>\n<!--[if lt IE 9]><script>document.createElement('audio');<\/script><![endif]-->\n<audio class=\"wp-audio-shortcode\" id=\"audio-79-1\" preload=\"none\" style=\"width: 100%;\" controls=\"controls\"><source type=\"audio\/wav\" src=\"https:\/\/realtheater-praktikum.de\/wp-content\/uploads\/2015\/02\/Esel.wav?_=1\" \/><a href=\"https:\/\/realtheater-praktikum.de\/wp-content\/uploads\/2015\/02\/Esel.wav\">https:\/\/realtheater-praktikum.de\/wp-content\/uploads\/2015\/02\/Esel.wav<\/a><\/audio>\n<div class=\"page\" title=\"Page 13\">\n<div class=\"layoutArea\">\n<div class=\"column\">\n<p>David: Gestatten? Mein Name ist David. Ich verlasse diesen Ort, weil er zu eng<br \/>\nf\u00fcr mich und zu Hause der Teufel los ist. Ich m\u00f6chte gl\u00fccklich werden, denn ich bin jung.<\/p>\n<audio class=\"wp-audio-shortcode\" id=\"audio-79-2\" preload=\"none\" style=\"width: 100%;\" controls=\"controls\"><source type=\"audio\/wav\" src=\"https:\/\/realtheater-praktikum.de\/wp-content\/uploads\/2015\/02\/Hund.wav?_=2\" \/><a href=\"https:\/\/realtheater-praktikum.de\/wp-content\/uploads\/2015\/02\/Hund.wav\">https:\/\/realtheater-praktikum.de\/wp-content\/uploads\/2015\/02\/Hund.wav<\/a><\/audio>\n<div class=\"page\" title=\"Page 13\">\n<div class=\"layoutArea\">\n<div class=\"column\">\n<p>Justin: Ich bin der Justin und ich lass meine Freunde nicht h\u00e4ngen. Ich bleibe an ihrer Seite, daf\u00fcr lausen sie mein Fell und geben mir Futter.<\/p>\n<audio class=\"wp-audio-shortcode\" id=\"audio-79-3\" preload=\"none\" style=\"width: 100%;\" controls=\"controls\"><source type=\"audio\/wav\" src=\"https:\/\/realtheater-praktikum.de\/wp-content\/uploads\/2015\/02\/Kater.wav?_=3\" \/><a href=\"https:\/\/realtheater-praktikum.de\/wp-content\/uploads\/2015\/02\/Kater.wav\">https:\/\/realtheater-praktikum.de\/wp-content\/uploads\/2015\/02\/Kater.wav<\/a><\/audio>\n<p>Emre: Man nennt mich Emre. Ich gehe, um im Dunklen zu jagen. Ich gehe, um in der Sonne zu baden. Und wenn es mir nicht mehr in den Kram passt, kehre ich zur\u00fcck oder gehe ganz woanders hin.<\/p>\n<audio class=\"wp-audio-shortcode\" id=\"audio-79-4\" preload=\"none\" style=\"width: 100%;\" controls=\"controls\"><source type=\"audio\/mpeg\" src=\"https:\/\/realtheater-praktikum.de\/wp-content\/uploads\/2015\/02\/Hahn.mp3?_=4\" \/><a href=\"https:\/\/realtheater-praktikum.de\/wp-content\/uploads\/2015\/02\/Hahn.mp3\">https:\/\/realtheater-praktikum.de\/wp-content\/uploads\/2015\/02\/Hahn.mp3<\/a><\/audio>\n<div class=\"page\" title=\"Page 13\">\n<div class=\"layoutArea\">\n<div class=\"column\">\n<p>Goliath: Eigentlich hei\u00dfe ich Golo. Mein Vater besitzt ein Autohaus. In der Schule werde ich Polo genannt. Das fuckt mich ab. Ich habe mir ein aussagekr\u00e4ftiges Pseudonym zugelegt und lange zu, wenn mir einer schr\u00e4g kommt. Ich haue ab, weil ich abhauen will.<\/p>\n<p>&nbsp;<\/p>\n<audio class=\"wp-audio-shortcode\" id=\"audio-79-5\" preload=\"none\" style=\"width: 100%;\" controls=\"controls\"><source type=\"audio\/mpeg\" src=\"https:\/\/realtheater-praktikum.de\/wp-content\/uploads\/2015\/04\/05_TIERE_VERWANDLUNG_ENTWURF.mp3?_=5\" \/><a href=\"https:\/\/realtheater-praktikum.de\/wp-content\/uploads\/2015\/04\/05_TIERE_VERWANDLUNG_ENTWURF.mp3\">https:\/\/realtheater-praktikum.de\/wp-content\/uploads\/2015\/04\/05_TIERE_VERWANDLUNG_ENTWURF.mp3<\/a><\/audio>\n<p>Die Verwandlung<\/p>\n<\/div>\n<\/div>\n<\/div>\n<p><a href=\"https:\/\/realtheater-praktikum.de\/wp-content\/uploads\/2015\/02\/K4A7585.jpg\"><img loading=\"lazy\" decoding=\"async\" class=\"alignnone size-full wp-image-642\" src=\"https:\/\/realtheater-praktikum.de\/wp-content\/uploads\/2015\/02\/K4A7585.jpg\" alt=\"Verwandlung 3\" width=\"1200\" height=\"800\" srcset=\"https:\/\/realtheater-praktikum.de\/wp-content\/uploads\/2015\/02\/K4A7585.jpg 1200w, https:\/\/realtheater-praktikum.de\/wp-content\/uploads\/2015\/02\/K4A7585-300x200.jpg 300w, https:\/\/realtheater-praktikum.de\/wp-content\/uploads\/2015\/02\/K4A7585-1024x682.jpg 1024w\" sizes=\"(max-width: 1200px) 100vw, 1200px\" \/><\/a><\/p>\n<p><a href=\"https:\/\/realtheater-praktikum.de\/?attachment_id=365\" rel=\"attachment wp-att-365\"><img loading=\"lazy\" decoding=\"async\" class=\"alignnone wp-image-365\" src=\"https:\/\/realtheater-praktikum.de\/wp-content\/uploads\/2015\/02\/bdat-logo-29-x-15-wl.jpg\" alt=\"bdat logo 29 x 15 wl\" width=\"269\" height=\"137\" srcset=\"https:\/\/realtheater-praktikum.de\/wp-content\/uploads\/2015\/02\/bdat-logo-29-x-15-wl.jpg 1718w, https:\/\/realtheater-praktikum.de\/wp-content\/uploads\/2015\/02\/bdat-logo-29-x-15-wl-300x152.jpg 300w, https:\/\/realtheater-praktikum.de\/wp-content\/uploads\/2015\/02\/bdat-logo-29-x-15-wl-1024x520.jpg 1024w\" sizes=\"(max-width: 269px) 100vw, 269px\" \/><\/a><a href=\"https:\/\/realtheater-praktikum.de\/?attachment_id=408\" rel=\"attachment wp-att-408\"><img loading=\"lazy\" decoding=\"async\" class=\"alignnone wp-image-408\" src=\"https:\/\/realtheater-praktikum.de\/wp-content\/uploads\/2015\/02\/Kulturmachtstark_med.jpg\" alt=\"Kulturmachtstark_med\" width=\"319\" height=\"100\" srcset=\"https:\/\/realtheater-praktikum.de\/wp-content\/uploads\/2015\/02\/Kulturmachtstark_med.jpg 425w, https:\/\/realtheater-praktikum.de\/wp-content\/uploads\/2015\/02\/Kulturmachtstark_med-300x93.jpg 300w\" sizes=\"(max-width: 319px) 100vw, 319px\" \/><\/a><\/p>\n<p>&nbsp;<\/p>\n<p>&nbsp;<\/p>\n<p>&nbsp;<\/p>\n<p>&nbsp;<\/p>\n<p>&nbsp;<\/p>\n<\/div>\n<\/div>\n<\/div>\n<\/div>\n<\/div>\n<\/div>\n","protected":false},"excerpt":{"rendered":"<p class=\"excerpt\">&nbsp; Etwas Besseres als das Nichts\u00a0finden wir \u00fcberall? David: Gestatten? Mein Name ist David. Ich verlasse diesen Ort, weil er zu eng f\u00fcr mich und zu Hause der Teufel los ist. Ich m\u00f6chte gl\u00fccklich werden, denn ich bin jung. Justin: Ich bin der Justin und ich lass meine Freunde nicht h\u00e4ngen. Ich bleibe an ihrer Seite, daf\u00fcr lausen sie mein&hellip;<\/p>\n<p class=\"more-link-p\"><a class=\"btn btn-default\" href=\"https:\/\/realtheater-praktikum.de\/?page_id=79\">Read more<\/a><\/p>\n","protected":false},"author":1,"featured_media":0,"parent":15,"menu_order":1,"comment_status":"closed","ping_status":"closed","template":"","meta":{"footnotes":""},"_links":{"self":[{"href":"https:\/\/realtheater-praktikum.de\/index.php?rest_route=\/wp\/v2\/pages\/79"}],"collection":[{"href":"https:\/\/realtheater-praktikum.de\/index.php?rest_route=\/wp\/v2\/pages"}],"about":[{"href":"https:\/\/realtheater-praktikum.de\/index.php?rest_route=\/wp\/v2\/types\/page"}],"author":[{"embeddable":true,"href":"https:\/\/realtheater-praktikum.de\/index.php?rest_route=\/wp\/v2\/users\/1"}],"replies":[{"embeddable":true,"href":"https:\/\/realtheater-praktikum.de\/index.php?rest_route=%2Fwp%2Fv2%2Fcomments&post=79"}],"version-history":[{"count":25,"href":"https:\/\/realtheater-praktikum.de\/index.php?rest_route=\/wp\/v2\/pages\/79\/revisions"}],"predecessor-version":[{"id":1218,"href":"https:\/\/realtheater-praktikum.de\/index.php?rest_route=\/wp\/v2\/pages\/79\/revisions\/1218"}],"up":[{"embeddable":true,"href":"https:\/\/realtheater-praktikum.de\/index.php?rest_route=\/wp\/v2\/pages\/15"}],"wp:attachment":[{"href":"https:\/\/realtheater-praktikum.de\/index.php?rest_route=%2Fwp%2Fv2%2Fmedia&parent=79"}],"curies":[{"name":"wp","href":"https:\/\/api.w.org\/{rel}","templated":true}]}}