{"id":2,"date":"2014-11-21T04:51:49","date_gmt":"2014-11-21T04:51:49","guid":{"rendered":"http:\/\/localhost\/wordpress-4.0.1\/wordpress\/?page_id=2"},"modified":"2016-09-19T12:25:09","modified_gmt":"2016-09-19T12:25:09","slug":"sample-page","status":"publish","type":"page","link":"https:\/\/realtheater-praktikum.de\/?page_id=2","title":{"rendered":"Historie"},"content":{"rendered":"<p><span style=\"font-family: Verdana, sans-serif;\"><strong>Aufbau einer au\u00dferschulischen Theatergruppe nach dem Vorbild einer\u00a0\u00a0Wanderb\u00fchne.<\/strong><\/span><\/p>\n<p>Wanderb\u00fchne ist die Bezeichnung f\u00fcr umherziehende, aus professionellen Schauspielern bestehenden Theatertruppen, die \u00fcber einen eigenen Fundus, aber nicht \u00fcber eine feste Spielst\u00e4tte verf\u00fcgten. Als Gegenst\u00fcck der Hoftheater von\u00a0F\u00fcrsten unterhielten sie das Volk mit Possen, die Parodien der h\u00f6fischen Trag\u00f6dien waren.<\/p>\n<p>Nach dem applausgekr\u00f6nten Ende des neunmonatigen Theaterprojekts TERRORFON an einer Realschule in M\u00fclheim an der Ruhr forderte eine Vielzahl der jugendlichen Teilnehmer die weitere F\u00f6rderung ihrer B\u00fchnenkarriere und die Fortsetzung des gro\u00dfen Vergn\u00fcgens, welches dem\u00a0Theaterleben innewohnt.\u00a0\u00a0Sie bildeten die Kerntruppe, die durch die gezielte Akquise neuer Mitglieder aus anderen Stadtteilen, Schulen und Jugendeinrichtungen erweitert, als REALTHEATER Extended im Oktober 2014 einmal w\u00f6chentlich in dem Kulturraum des Seniorenheims Haus Gracht von 17:00 \u2013 19:00 Uhr mit den Proben begann und im Juni 2015 mit\u00a0&#8222;ABHAUEN ODER ANKOMMEN&#8220; \u00fcberzeugte.<\/p>\n<p>Mit Elan warfen sich die Darsteller im September 2015 in das Folgeprojekt:\u00a0<strong>REALTHEATER 6 bis 99\u00a0<\/strong>GENERATIONEN\u00dcBERGREIFEND &amp; TAUFRISCH&#8230;.<\/p>\n<p>Es ging nicht immer reibungslos ab in diesem halben Jahr. Wege trennten sich.<\/p>\n<!--[if lt IE 9]><script>document.createElement('audio');<\/script><![endif]-->\n<audio class=\"wp-audio-shortcode\" id=\"audio-2-1\" preload=\"none\" style=\"width: 100%;\" controls=\"controls\"><source type=\"audio\/mpeg\" src=\"https:\/\/realtheater-praktikum.de\/wp-content\/uploads\/2014\/11\/Davon-geht-die-Welt-nicht_Kurz.mp3?_=1\" \/><a href=\"https:\/\/realtheater-praktikum.de\/wp-content\/uploads\/2014\/11\/Davon-geht-die-Welt-nicht_Kurz.mp3\">https:\/\/realtheater-praktikum.de\/wp-content\/uploads\/2014\/11\/Davon-geht-die-Welt-nicht_Kurz.mp3<\/a><\/audio>\n<p>&nbsp;<\/p>\n<p>Neue Talente wurden gesichtet:<\/p>\n<p><a href=\"https:\/\/realtheater-praktikum.de\/?attachment_id=855\" rel=\"attachment wp-att-855\"><img loading=\"lazy\" decoding=\"async\" class=\"alignnone size-full wp-image-855\" src=\"https:\/\/realtheater-praktikum.de\/wp-content\/uploads\/2016\/03\/DSC_9347.jpg\" alt=\"DSC_9347\" width=\"598\" height=\"900\" srcset=\"https:\/\/realtheater-praktikum.de\/wp-content\/uploads\/2016\/03\/DSC_9347.jpg 598w, https:\/\/realtheater-praktikum.de\/wp-content\/uploads\/2016\/03\/DSC_9347-199x300.jpg 199w\" sizes=\"(max-width: 598px) 100vw, 598px\" \/><\/a><\/p>\n<p>Welcome Michael und Oguzkan.<\/p>\n<p>Andere\u00a0waren\u00a0wieder dabei.<\/p>\n<p><a href=\"https:\/\/realtheater-praktikum.de\/?attachment_id=861\" rel=\"attachment wp-att-861\"><img loading=\"lazy\" decoding=\"async\" class=\"alignnone size-full wp-image-861\" src=\"https:\/\/realtheater-praktikum.de\/wp-content\/uploads\/2016\/03\/DSC_9374.jpg\" alt=\"DSC_9374\" width=\"900\" height=\"598\" srcset=\"https:\/\/realtheater-praktikum.de\/wp-content\/uploads\/2016\/03\/DSC_9374.jpg 900w, https:\/\/realtheater-praktikum.de\/wp-content\/uploads\/2016\/03\/DSC_9374-300x199.jpg 300w, https:\/\/realtheater-praktikum.de\/wp-content\/uploads\/2016\/03\/DSC_9374-768x510.jpg 768w\" sizes=\"(max-width: 900px) 100vw, 900px\" \/><\/a><\/p>\n<p>&nbsp;<\/p>\n<p style=\"text-align: center;\">Gehe zu: <a href=\"https:\/\/realtheater-praktikum.de\/?page_id=722\">Die Springfalle<\/a><\/p>\n<p>&nbsp;<\/p>\n<p>&nbsp;<\/p>\n<p>&nbsp;<\/p>\n<p>&nbsp;<\/p>\n","protected":false},"excerpt":{"rendered":"<p class=\"excerpt\">Aufbau einer au\u00dferschulischen Theatergruppe nach dem Vorbild einer\u00a0\u00a0Wanderb\u00fchne. Wanderb\u00fchne ist die Bezeichnung f\u00fcr umherziehende, aus professionellen Schauspielern bestehenden Theatertruppen, die \u00fcber einen eigenen Fundus, aber nicht \u00fcber eine feste Spielst\u00e4tte verf\u00fcgten. Als Gegenst\u00fcck der Hoftheater von\u00a0F\u00fcrsten unterhielten sie das Volk mit Possen, die Parodien der h\u00f6fischen Trag\u00f6dien waren. Nach dem applausgekr\u00f6nten Ende des neunmonatigen Theaterprojekts TERRORFON an einer Realschule in&hellip;<\/p>\n<p class=\"more-link-p\"><a class=\"btn btn-default\" href=\"https:\/\/realtheater-praktikum.de\/?page_id=2\">Read more<\/a><\/p>\n","protected":false},"author":1,"featured_media":0,"parent":0,"menu_order":0,"comment_status":"closed","ping_status":"closed","template":"","meta":{"footnotes":""},"_links":{"self":[{"href":"https:\/\/realtheater-praktikum.de\/index.php?rest_route=\/wp\/v2\/pages\/2"}],"collection":[{"href":"https:\/\/realtheater-praktikum.de\/index.php?rest_route=\/wp\/v2\/pages"}],"about":[{"href":"https:\/\/realtheater-praktikum.de\/index.php?rest_route=\/wp\/v2\/types\/page"}],"author":[{"embeddable":true,"href":"https:\/\/realtheater-praktikum.de\/index.php?rest_route=\/wp\/v2\/users\/1"}],"replies":[{"embeddable":true,"href":"https:\/\/realtheater-praktikum.de\/index.php?rest_route=%2Fwp%2Fv2%2Fcomments&post=2"}],"version-history":[{"count":42,"href":"https:\/\/realtheater-praktikum.de\/index.php?rest_route=\/wp\/v2\/pages\/2\/revisions"}],"predecessor-version":[{"id":1006,"href":"https:\/\/realtheater-praktikum.de\/index.php?rest_route=\/wp\/v2\/pages\/2\/revisions\/1006"}],"wp:attachment":[{"href":"https:\/\/realtheater-praktikum.de\/index.php?rest_route=%2Fwp%2Fv2%2Fmedia&parent=2"}],"curies":[{"name":"wp","href":"https:\/\/api.w.org\/{rel}","templated":true}]}}