{"id":1811,"date":"2020-03-04T20:05:45","date_gmt":"2020-03-04T20:05:45","guid":{"rendered":"http:\/\/realtheater-praktikum.de\/?page_id=1811"},"modified":"2020-05-01T16:01:38","modified_gmt":"2020-05-01T16:01:38","slug":"studio-zeitfragen","status":"publish","type":"page","link":"https:\/\/realtheater-praktikum.de\/?page_id=1811","title":{"rendered":"Studio Zeitfragen"},"content":{"rendered":"<p>Sind Zeitreisen theoretisch m\u00f6glich?<\/p>\n<p>Dar\u00fcber spricht unsere Moderatorin Rizzi Glien mit Prof.Dr. Justus-Maria Tidebetong von der Universit\u00e4t Thulegral. Herr Prof. Dr. Tidebetong hat dort einen Lehrstuhl f\u00fcr pangalaktische Studien.<\/p>\n<p>&nbsp;<\/p>\n<p><iframe loading=\"lazy\" width=\"631\" height=\"355\" src=\"https:\/\/www.youtube.com\/embed\/SXWy8itLrCA?feature=oembed\" frameborder=\"0\" allow=\"accelerometer; autoplay; encrypted-media; gyroscope; picture-in-picture\" allowfullscreen><\/iframe><\/p>\n<p>Diese Aufnahme wurde am Rosenmontag den 24.02.2020 gemacht. Wir konnten damals nicht ahnen, dass 3 Wochen sp\u00e4ter alles anders sein sollte.<\/p>\n","protected":false},"excerpt":{"rendered":"<p class=\"excerpt\">Sind Zeitreisen theoretisch m\u00f6glich? Dar\u00fcber spricht unsere Moderatorin Rizzi Glien mit Prof.Dr. Justus-Maria Tidebetong von der Universit\u00e4t Thulegral. Herr Prof. Dr. Tidebetong hat dort einen Lehrstuhl f\u00fcr pangalaktische Studien. &nbsp; Diese Aufnahme wurde am Rosenmontag den 24.02.2020 gemacht. Wir konnten damals nicht ahnen, dass 3 Wochen sp\u00e4ter alles anders sein sollte.<\/p>\n<p class=\"more-link-p\"><a class=\"btn btn-default\" href=\"https:\/\/realtheater-praktikum.de\/?page_id=1811\">Read more<\/a><\/p>\n","protected":false},"author":1,"featured_media":0,"parent":0,"menu_order":0,"comment_status":"closed","ping_status":"closed","template":"","meta":{"footnotes":""},"_links":{"self":[{"href":"https:\/\/realtheater-praktikum.de\/index.php?rest_route=\/wp\/v2\/pages\/1811"}],"collection":[{"href":"https:\/\/realtheater-praktikum.de\/index.php?rest_route=\/wp\/v2\/pages"}],"about":[{"href":"https:\/\/realtheater-praktikum.de\/index.php?rest_route=\/wp\/v2\/types\/page"}],"author":[{"embeddable":true,"href":"https:\/\/realtheater-praktikum.de\/index.php?rest_route=\/wp\/v2\/users\/1"}],"replies":[{"embeddable":true,"href":"https:\/\/realtheater-praktikum.de\/index.php?rest_route=%2Fwp%2Fv2%2Fcomments&post=1811"}],"version-history":[{"count":7,"href":"https:\/\/realtheater-praktikum.de\/index.php?rest_route=\/wp\/v2\/pages\/1811\/revisions"}],"predecessor-version":[{"id":1874,"href":"https:\/\/realtheater-praktikum.de\/index.php?rest_route=\/wp\/v2\/pages\/1811\/revisions\/1874"}],"wp:attachment":[{"href":"https:\/\/realtheater-praktikum.de\/index.php?rest_route=%2Fwp%2Fv2%2Fmedia&parent=1811"}],"curies":[{"name":"wp","href":"https:\/\/api.w.org\/{rel}","templated":true}]}}