{"id":1757,"date":"2019-06-30T19:16:31","date_gmt":"2019-06-30T19:16:31","guid":{"rendered":"http:\/\/realtheater-praktikum.de\/?page_id=1757"},"modified":"2019-06-30T19:16:31","modified_gmt":"2019-06-30T19:16:31","slug":"eppinghofen-goetheplatz","status":"publish","type":"page","link":"https:\/\/realtheater-praktikum.de\/?page_id=1757","title":{"rendered":"Eppinghofen, Goetheplatz"},"content":{"rendered":"<p>Computerlogbuch der Zeitmaschine \/ Datum\u00a029. Juni 2019\/ Ort: Eppinghofen, Goetheplatz \/ Verfasserin: \u00a0Bathsheba Schostakovic<\/p>\n<p>Landung unter h\u00e4rtesten Bedingungen. 37 Grad und nur einen Regenschirm dabei. Die angetroffene Bev\u00f6lkerung allerdings sehr freundlich. Sind in Nachbarschaftsfest geplatzt. \u00a0Grillw\u00fcrste von einer Vereinigung, die sich SPD nennt, sehr lecker. Einige Menschen tranken ein goldgelb funkelndes Getr\u00e4nk. Uns wurde von dem Genuss in der Hitze abgeraten. Sp\u00e4ter nachgeholt. Sehr angetan.<\/p>\n<p><img loading=\"lazy\" decoding=\"async\" class=\"size-full wp-image-1758 alignnone\" src=\"https:\/\/realtheater-praktikum.de\/wp-content\/uploads\/2019\/06\/2e0f5a4f-b43d-4c59-968e-4f6e87036f03.jpg\" alt=\"2e0f5a4f-b43d-4c59-968e-4f6e87036f03\" width=\"1600\" height=\"1200\" srcset=\"https:\/\/realtheater-praktikum.de\/wp-content\/uploads\/2019\/06\/2e0f5a4f-b43d-4c59-968e-4f6e87036f03.jpg 1600w, https:\/\/realtheater-praktikum.de\/wp-content\/uploads\/2019\/06\/2e0f5a4f-b43d-4c59-968e-4f6e87036f03-300x225.jpg 300w, https:\/\/realtheater-praktikum.de\/wp-content\/uploads\/2019\/06\/2e0f5a4f-b43d-4c59-968e-4f6e87036f03-768x576.jpg 768w, https:\/\/realtheater-praktikum.de\/wp-content\/uploads\/2019\/06\/2e0f5a4f-b43d-4c59-968e-4f6e87036f03-1024x768.jpg 1024w\" sizes=\"(max-width: 1600px) 100vw, 1600px\" \/><\/p>\n<p>Im Vorfeld hatte es \u00c4rger gegeben. Mitreisende hatten, w\u00e4hrend des Aufenthalts in Styrum, ein\u00a0Sammelbecken\u00a0entdeckt, in dem man bei Hitze ein Bad nehmen kann. Sie verweigerten die Weiterreise und wurden \u00fcber dem &#8222;Naturbad M\u00fclheim Styrum&#8220; abgeworfen. Also mit kleinerer Besatzung in Eppinghofen gelandet. Im Nachhinein besser, da mehr Grillw\u00fcrste f\u00fcr mich.<\/p>\n<p>Wir haben beschlossen eine Weile in der Gegend zu bleiben. Ist ganz okay hier. Es gr\u00fc\u00dft Bathsheba<\/p>\n<p>&nbsp;<\/p>\n<p><img loading=\"lazy\" decoding=\"async\" class=\"alignnone size-full wp-image-1763\" src=\"https:\/\/realtheater-praktikum.de\/wp-content\/uploads\/2019\/06\/a3b85fa0-e7a4-4863-8da7-ab50d70076b7.jpg\" alt=\"a3b85fa0-e7a4-4863-8da7-ab50d70076b7\" width=\"1200\" height=\"1600\" srcset=\"https:\/\/realtheater-praktikum.de\/wp-content\/uploads\/2019\/06\/a3b85fa0-e7a4-4863-8da7-ab50d70076b7.jpg 1200w, https:\/\/realtheater-praktikum.de\/wp-content\/uploads\/2019\/06\/a3b85fa0-e7a4-4863-8da7-ab50d70076b7-225x300.jpg 225w, https:\/\/realtheater-praktikum.de\/wp-content\/uploads\/2019\/06\/a3b85fa0-e7a4-4863-8da7-ab50d70076b7-768x1024.jpg 768w\" sizes=\"(max-width: 1200px) 100vw, 1200px\" \/><\/p>\n<p>PS.: Die Zeitmaschine steht zur Zeit in einer Stadt namens Duisburg. Infos unter Seite: Maschinen unter sich<\/p>\n","protected":false},"excerpt":{"rendered":"<p class=\"excerpt\">Computerlogbuch der Zeitmaschine \/ Datum\u00a029. Juni 2019\/ Ort: Eppinghofen, Goetheplatz \/ Verfasserin: \u00a0Bathsheba Schostakovic Landung unter h\u00e4rtesten Bedingungen. 37 Grad und nur einen Regenschirm dabei. Die angetroffene Bev\u00f6lkerung allerdings sehr freundlich. Sind in Nachbarschaftsfest geplatzt. \u00a0Grillw\u00fcrste von einer Vereinigung, die sich SPD nennt, sehr lecker. Einige Menschen tranken ein goldgelb funkelndes Getr\u00e4nk. Uns wurde von dem Genuss in der Hitze&hellip;<\/p>\n<p class=\"more-link-p\"><a class=\"btn btn-default\" href=\"https:\/\/realtheater-praktikum.de\/?page_id=1757\">Read more<\/a><\/p>\n","protected":false},"author":1,"featured_media":0,"parent":0,"menu_order":0,"comment_status":"closed","ping_status":"closed","template":"","meta":{"footnotes":""},"_links":{"self":[{"href":"https:\/\/realtheater-praktikum.de\/index.php?rest_route=\/wp\/v2\/pages\/1757"}],"collection":[{"href":"https:\/\/realtheater-praktikum.de\/index.php?rest_route=\/wp\/v2\/pages"}],"about":[{"href":"https:\/\/realtheater-praktikum.de\/index.php?rest_route=\/wp\/v2\/types\/page"}],"author":[{"embeddable":true,"href":"https:\/\/realtheater-praktikum.de\/index.php?rest_route=\/wp\/v2\/users\/1"}],"replies":[{"embeddable":true,"href":"https:\/\/realtheater-praktikum.de\/index.php?rest_route=%2Fwp%2Fv2%2Fcomments&post=1757"}],"version-history":[{"count":6,"href":"https:\/\/realtheater-praktikum.de\/index.php?rest_route=\/wp\/v2\/pages\/1757\/revisions"}],"predecessor-version":[{"id":1768,"href":"https:\/\/realtheater-praktikum.de\/index.php?rest_route=\/wp\/v2\/pages\/1757\/revisions\/1768"}],"wp:attachment":[{"href":"https:\/\/realtheater-praktikum.de\/index.php?rest_route=%2Fwp%2Fv2%2Fmedia&parent=1757"}],"curies":[{"name":"wp","href":"https:\/\/api.w.org\/{rel}","templated":true}]}}