{"id":15,"date":"2014-12-21T18:21:35","date_gmt":"2014-12-21T18:21:35","guid":{"rendered":"http:\/\/realtheater-praktikum.de\/?page_id=15"},"modified":"2017-11-03T14:07:26","modified_gmt":"2017-11-03T14:07:26","slug":"das-projekt","status":"publish","type":"page","link":"https:\/\/realtheater-praktikum.de\/?page_id=15","title":{"rendered":"Das St\u00fcck"},"content":{"rendered":"<div class=\"indent\">\n<p><b>ABHAUEN ODER ANKOMMEN<\/b><\/p>\n<p>\u00a9Martina Krall<\/p>\n<p><a title=\"Anregungen\" href=\"https:\/\/realtheater-praktikum.de\/?page_id=79\">4 Jugendliche verlassen ihre Heimatstadt<\/a>, weil ihnen das Angebot zur Verwirklichung knapp erahnter Lebensentw\u00fcrfe nicht ausreicht. Die Idee abzuhauen entwickelt sich w\u00e4hrend einer Sitzung in einer Sisha Bar, anl\u00e4sslich derer sie sich in blauen Dunst h\u00fcllen. Sie ahnen nicht, dass sie sich im Fadenkreuz einer von der Abschaffung bedrohten Institution befinden.<\/p>\n<p>Die Kulturgruppe Elfenbeinturm besteht aus Mutter Phantasie, Tochter M\u00e4rchen, der Muhme Mode und Kashnur, seines Zeichens Zauberer &amp; Intrigant. Untereinander ist man sich nicht gr\u00fcn und mit der Au\u00dfenwirkung ist es auch nicht mehr weit her. Um diesem \u00dcbel abzuhelfen, verlassen Phantasie, M\u00e4rchen, Mode &amp; Kashnur, den griechischen G\u00f6ttern gleich, ihren erh\u00f6hten Aufenthaltsort und begeben sich zu den Menschen, um in ihr Geschick einzugreifen.<\/p>\n<p>Ein Spiel \u00fcber Flucht und Verwandlung, Einsicht und Entscheidung nimmt seinen Verlauf und trifft auf&#8230;..<a href=\"https:\/\/realtheater-praktikum.de\/?page_id=885\">andere Leute<\/a><\/p>\n<p>&nbsp;<\/p>\n<p><span style=\"color: #1e1e1e;\">\u00a0F\u00f6rderung:\u00a0<a href=\"https:\/\/realtheater-praktikum.de\/?attachment_id=365\" rel=\"attachment wp-att-365\"><img loading=\"lazy\" decoding=\"async\" class=\"alignnone wp-image-365\" src=\"https:\/\/realtheater-praktikum.de\/wp-content\/uploads\/2015\/02\/bdat-logo-29-x-15-wl.jpg\" alt=\"bdat logo 29 x 15 wl\" width=\"274\" height=\"139\" srcset=\"https:\/\/realtheater-praktikum.de\/wp-content\/uploads\/2015\/02\/bdat-logo-29-x-15-wl.jpg 1718w, https:\/\/realtheater-praktikum.de\/wp-content\/uploads\/2015\/02\/bdat-logo-29-x-15-wl-300x152.jpg 300w, https:\/\/realtheater-praktikum.de\/wp-content\/uploads\/2015\/02\/bdat-logo-29-x-15-wl-1024x520.jpg 1024w\" sizes=\"(max-width: 274px) 100vw, 274px\" \/><\/a><a href=\"https:\/\/realtheater-praktikum.de\/?attachment_id=408\" rel=\"attachment wp-att-408\"><img loading=\"lazy\" decoding=\"async\" class=\"alignnone  wp-image-408\" src=\"https:\/\/realtheater-praktikum.de\/wp-content\/uploads\/2015\/02\/Kulturmachtstark_med.jpg\" alt=\"Kulturmachtstark_med\" width=\"409\" height=\"128\" srcset=\"https:\/\/realtheater-praktikum.de\/wp-content\/uploads\/2015\/02\/Kulturmachtstark_med.jpg 425w, https:\/\/realtheater-praktikum.de\/wp-content\/uploads\/2015\/02\/Kulturmachtstark_med-300x93.jpg 300w\" sizes=\"(max-width: 409px) 100vw, 409px\" \/><\/a><\/span><\/p>\n<\/div>\n","protected":false},"excerpt":{"rendered":"<p class=\"excerpt\">ABHAUEN ODER ANKOMMEN \u00a9Martina Krall 4 Jugendliche verlassen ihre Heimatstadt, weil ihnen das Angebot zur Verwirklichung knapp erahnter Lebensentw\u00fcrfe nicht ausreicht. Die Idee abzuhauen entwickelt sich w\u00e4hrend einer Sitzung in einer Sisha Bar, anl\u00e4sslich derer sie sich in blauen Dunst h\u00fcllen. Sie ahnen nicht, dass sie sich im Fadenkreuz einer von der Abschaffung bedrohten Institution befinden. Die Kulturgruppe Elfenbeinturm besteht&hellip;<\/p>\n<p class=\"more-link-p\"><a class=\"btn btn-default\" href=\"https:\/\/realtheater-praktikum.de\/?page_id=15\">Read more<\/a><\/p>\n","protected":false},"author":1,"featured_media":625,"parent":0,"menu_order":0,"comment_status":"closed","ping_status":"closed","template":"","meta":{"footnotes":""},"_links":{"self":[{"href":"https:\/\/realtheater-praktikum.de\/index.php?rest_route=\/wp\/v2\/pages\/15"}],"collection":[{"href":"https:\/\/realtheater-praktikum.de\/index.php?rest_route=\/wp\/v2\/pages"}],"about":[{"href":"https:\/\/realtheater-praktikum.de\/index.php?rest_route=\/wp\/v2\/types\/page"}],"author":[{"embeddable":true,"href":"https:\/\/realtheater-praktikum.de\/index.php?rest_route=\/wp\/v2\/users\/1"}],"replies":[{"embeddable":true,"href":"https:\/\/realtheater-praktikum.de\/index.php?rest_route=%2Fwp%2Fv2%2Fcomments&post=15"}],"version-history":[{"count":25,"href":"https:\/\/realtheater-praktikum.de\/index.php?rest_route=\/wp\/v2\/pages\/15\/revisions"}],"predecessor-version":[{"id":1215,"href":"https:\/\/realtheater-praktikum.de\/index.php?rest_route=\/wp\/v2\/pages\/15\/revisions\/1215"}],"wp:featuredmedia":[{"embeddable":true,"href":"https:\/\/realtheater-praktikum.de\/index.php?rest_route=\/wp\/v2\/media\/625"}],"wp:attachment":[{"href":"https:\/\/realtheater-praktikum.de\/index.php?rest_route=%2Fwp%2Fv2%2Fmedia&parent=15"}],"curies":[{"name":"wp","href":"https:\/\/api.w.org\/{rel}","templated":true}]}}