{"id":1459,"date":"2018-10-28T20:44:48","date_gmt":"2018-10-28T20:44:48","guid":{"rendered":"http:\/\/realtheater-praktikum.de\/?page_id=1459"},"modified":"2018-12-19T21:19:06","modified_gmt":"2018-12-19T21:19:06","slug":"der-schrecken-aller-realschullehrer","status":"publish","type":"page","link":"https:\/\/realtheater-praktikum.de\/?page_id=1459","title":{"rendered":"Der Schrecken aller Realschullehrer ?"},"content":{"rendered":"<p>&nbsp;<\/p>\n<!--[if lt IE 9]><script>document.createElement('audio');<\/script><![endif]-->\n<audio class=\"wp-audio-shortcode\" id=\"audio-1459-1\" preload=\"none\" style=\"width: 100%;\" controls=\"controls\"><source type=\"audio\/mpeg\" src=\"https:\/\/realtheater-praktikum.de\/wp-content\/uploads\/2018\/10\/Westside_Old_Cut.mp3?_=1\" \/><a href=\"https:\/\/realtheater-praktikum.de\/wp-content\/uploads\/2018\/10\/Westside_Old_Cut.mp3\">https:\/\/realtheater-praktikum.de\/wp-content\/uploads\/2018\/10\/Westside_Old_Cut.mp3<\/a><\/audio>\n<p>Jenny, Blaise, Hassan, Kowalski, Manfred, Mandy, Chantal und Jacqueline\u00a0terrorisieren ihren Stadtteil\u00a0und sich selbst.<\/p>\n<p><img loading=\"lazy\" decoding=\"async\" class=\"alignnone size-full wp-image-1470\" src=\"https:\/\/realtheater-praktikum.de\/wp-content\/uploads\/2018\/10\/Styrum_MAP_STILL.jpg\" alt=\"Styrum_MAP_STILL\" width=\"1414\" height=\"885\" srcset=\"https:\/\/realtheater-praktikum.de\/wp-content\/uploads\/2018\/10\/Styrum_MAP_STILL.jpg 1414w, https:\/\/realtheater-praktikum.de\/wp-content\/uploads\/2018\/10\/Styrum_MAP_STILL-300x188.jpg 300w, https:\/\/realtheater-praktikum.de\/wp-content\/uploads\/2018\/10\/Styrum_MAP_STILL-768x481.jpg 768w, https:\/\/realtheater-praktikum.de\/wp-content\/uploads\/2018\/10\/Styrum_MAP_STILL-1024x641.jpg 1024w\" sizes=\"(max-width: 1414px) 100vw, 1414px\" \/><\/p>\n<p>Die gewaltbereiten Bad Girls kontrollieren den Ostteil des Viertels. Sie warten auf den Angriff der Tough Toffies, die aber nie kommen. Das \u00a0ist sehr \u00e4rgerlich. Besonders f\u00fcr Plus-Michel (nicht im Bild), der eigentlich nur seine Ruhe haben will. In der Zwischenzeit vertreibt man sich die Zeit auf eine andere &#8211; aber altbew\u00e4hrte &#8211; Weise:<\/p>\n<p><img loading=\"lazy\" decoding=\"async\" class=\"alignnone size-full wp-image-1472\" src=\"https:\/\/realtheater-praktikum.de\/wp-content\/uploads\/2018\/10\/Zahltag_Still_ed.jpg\" alt=\"Zahltag_Still_ed\" width=\"1134\" height=\"638\" srcset=\"https:\/\/realtheater-praktikum.de\/wp-content\/uploads\/2018\/10\/Zahltag_Still_ed.jpg 1134w, https:\/\/realtheater-praktikum.de\/wp-content\/uploads\/2018\/10\/Zahltag_Still_ed-300x169.jpg 300w, https:\/\/realtheater-praktikum.de\/wp-content\/uploads\/2018\/10\/Zahltag_Still_ed-768x432.jpg 768w, https:\/\/realtheater-praktikum.de\/wp-content\/uploads\/2018\/10\/Zahltag_Still_ed-1024x576.jpg 1024w\" sizes=\"(max-width: 1134px) 100vw, 1134px\" \/><\/p>\n<p>Die Tough Toffies haben derweil ganz andere Probleme. Sie m\u00fcssen einen Koffer los werden.<\/p>\n<p><img loading=\"lazy\" decoding=\"async\" class=\"alignnone size-full wp-image-1473\" src=\"https:\/\/realtheater-praktikum.de\/wp-content\/uploads\/2018\/10\/Toffies_Koffer_Still_ed.jpg\" alt=\"Toffies_Koffer_Still_ed\" width=\"1134\" height=\"638\" srcset=\"https:\/\/realtheater-praktikum.de\/wp-content\/uploads\/2018\/10\/Toffies_Koffer_Still_ed.jpg 1134w, https:\/\/realtheater-praktikum.de\/wp-content\/uploads\/2018\/10\/Toffies_Koffer_Still_ed-300x169.jpg 300w, https:\/\/realtheater-praktikum.de\/wp-content\/uploads\/2018\/10\/Toffies_Koffer_Still_ed-768x432.jpg 768w, https:\/\/realtheater-praktikum.de\/wp-content\/uploads\/2018\/10\/Toffies_Koffer_Still_ed-1024x576.jpg 1024w\" sizes=\"(max-width: 1134px) 100vw, 1134px\" \/><\/p>\n<p>Und als wenn das Leben nicht schon schwer genug w\u00e4re, gibt es auch noch eine Person, die ihre Nase in Dinge steckt, die sie absolut nichts angehen.<\/p>\n<p><img loading=\"lazy\" decoding=\"async\" class=\"alignnone size-full wp-image-1474\" src=\"https:\/\/realtheater-praktikum.de\/wp-content\/uploads\/2018\/10\/Karin_Still.jpg\" alt=\"Karin_Still\" width=\"1920\" height=\"1080\" srcset=\"https:\/\/realtheater-praktikum.de\/wp-content\/uploads\/2018\/10\/Karin_Still.jpg 1920w, https:\/\/realtheater-praktikum.de\/wp-content\/uploads\/2018\/10\/Karin_Still-300x169.jpg 300w, https:\/\/realtheater-praktikum.de\/wp-content\/uploads\/2018\/10\/Karin_Still-768x432.jpg 768w, https:\/\/realtheater-praktikum.de\/wp-content\/uploads\/2018\/10\/Karin_Still-1024x576.jpg 1024w\" sizes=\"(max-width: 1920px) 100vw, 1920px\" \/><\/p>\n<p>&#8222;Der Herr Cobanoglu ist ja so ein sympathischer junger Mann. Nicht so ein Prolet wie der Kowalski.&#8220; Herta Seidel-K\u00fchn<\/p>\n<p><img loading=\"lazy\" decoding=\"async\" class=\"alignnone size-full wp-image-1479\" src=\"https:\/\/realtheater-praktikum.de\/wp-content\/uploads\/2018\/10\/Fahti_Bote_Still_ed.jpg\" alt=\"Fahti_Bote_Still_ed\" width=\"1134\" height=\"638\" srcset=\"https:\/\/realtheater-praktikum.de\/wp-content\/uploads\/2018\/10\/Fahti_Bote_Still_ed.jpg 1134w, https:\/\/realtheater-praktikum.de\/wp-content\/uploads\/2018\/10\/Fahti_Bote_Still_ed-300x169.jpg 300w, https:\/\/realtheater-praktikum.de\/wp-content\/uploads\/2018\/10\/Fahti_Bote_Still_ed-768x432.jpg 768w, https:\/\/realtheater-praktikum.de\/wp-content\/uploads\/2018\/10\/Fahti_Bote_Still_ed-1024x576.jpg 1024w\" sizes=\"(max-width: 1134px) 100vw, 1134px\" \/><\/p>\n<p>Hassan Cobanoglu strebt nach H\u00f6herem. Zum Zeitpunkt der Aufnahme einer \u00dcberwachungskamera ist er der Lebensmittelbote eines aus Gr\u00fcnden des Datenschutzes nicht genannten\u00a0Unternehmens.<\/p>\n<p>&nbsp;<\/p>\n<p>Coop:<\/p>\n<p>&nbsp;<\/p>\n<p>&nbsp;<\/p>\n<p><img loading=\"lazy\" decoding=\"async\" class=\"alignnone wp-image-1401 size-thumbnail\" src=\"https:\/\/realtheater-praktikum.de\/wp-content\/uploads\/2015\/02\/CBE_Logo_Smal_CMYK-150x150.jpg\" alt=\"CBE_Logo_Smal_CMYK\" width=\"150\" height=\"150\" srcset=\"https:\/\/realtheater-praktikum.de\/wp-content\/uploads\/2015\/02\/CBE_Logo_Smal_CMYK-150x150.jpg 150w, https:\/\/realtheater-praktikum.de\/wp-content\/uploads\/2015\/02\/CBE_Logo_Smal_CMYK-300x300.jpg 300w\" sizes=\"(max-width: 150px) 100vw, 150px\" \/>\u00a0 \u00a0 \u00a0 \u00a0 \u00a0 \u00a0 \u00a0 \u00a0\u00a0<img loading=\"lazy\" decoding=\"async\" class=\"alignnone wp-image-1402 size-medium\" src=\"https:\/\/realtheater-praktikum.de\/wp-content\/uploads\/2015\/02\/Talentwerkstatt_Styrum-Logo_kl-300x150.jpg\" alt=\"Talentwerkstatt_Styrum-Logo_kl\" width=\"300\" height=\"150\" srcset=\"https:\/\/realtheater-praktikum.de\/wp-content\/uploads\/2015\/02\/Talentwerkstatt_Styrum-Logo_kl-300x150.jpg 300w, https:\/\/realtheater-praktikum.de\/wp-content\/uploads\/2015\/02\/Talentwerkstatt_Styrum-Logo_kl-768x384.jpg 768w, https:\/\/realtheater-praktikum.de\/wp-content\/uploads\/2015\/02\/Talentwerkstatt_Styrum-Logo_kl-1024x512.jpg 1024w, https:\/\/realtheater-praktikum.de\/wp-content\/uploads\/2015\/02\/Talentwerkstatt_Styrum-Logo_kl.jpg 1200w\" sizes=\"(max-width: 300px) 100vw, 300px\" \/><\/p>\n<p>&nbsp;<\/p>\n<p><img loading=\"lazy\" decoding=\"async\" class=\"alignnone size-full wp-image-1406\" src=\"https:\/\/realtheater-praktikum.de\/wp-content\/uploads\/2015\/02\/BMFSFJ_DL_mitFoerderzusatz_RZ-1.jpeg\" alt=\"BMFSFJ_DL_mitFoerderzusatz_RZ\" width=\"1914\" height=\"567\" srcset=\"https:\/\/realtheater-praktikum.de\/wp-content\/uploads\/2015\/02\/BMFSFJ_DL_mitFoerderzusatz_RZ-1.jpeg 1914w, https:\/\/realtheater-praktikum.de\/wp-content\/uploads\/2015\/02\/BMFSFJ_DL_mitFoerderzusatz_RZ-1-300x89.jpeg 300w, https:\/\/realtheater-praktikum.de\/wp-content\/uploads\/2015\/02\/BMFSFJ_DL_mitFoerderzusatz_RZ-1-768x228.jpeg 768w, https:\/\/realtheater-praktikum.de\/wp-content\/uploads\/2015\/02\/BMFSFJ_DL_mitFoerderzusatz_RZ-1-1024x303.jpeg 1024w\" sizes=\"(max-width: 1914px) 100vw, 1914px\" \/><\/p>\n<p>&nbsp;<\/p>\n","protected":false},"excerpt":{"rendered":"<p class=\"excerpt\">&nbsp; Jenny, Blaise, Hassan, Kowalski, Manfred, Mandy, Chantal und Jacqueline\u00a0terrorisieren ihren Stadtteil\u00a0und sich selbst. Die gewaltbereiten Bad Girls kontrollieren den Ostteil des Viertels. Sie warten auf den Angriff der Tough Toffies, die aber nie kommen. Das \u00a0ist sehr \u00e4rgerlich. Besonders f\u00fcr Plus-Michel (nicht im Bild), der eigentlich nur seine Ruhe haben will. In der Zwischenzeit vertreibt man sich die Zeit&hellip;<\/p>\n<p class=\"more-link-p\"><a class=\"btn btn-default\" href=\"https:\/\/realtheater-praktikum.de\/?page_id=1459\">Read more<\/a><\/p>\n","protected":false},"author":1,"featured_media":0,"parent":112,"menu_order":0,"comment_status":"closed","ping_status":"closed","template":"","meta":{"footnotes":""},"_links":{"self":[{"href":"https:\/\/realtheater-praktikum.de\/index.php?rest_route=\/wp\/v2\/pages\/1459"}],"collection":[{"href":"https:\/\/realtheater-praktikum.de\/index.php?rest_route=\/wp\/v2\/pages"}],"about":[{"href":"https:\/\/realtheater-praktikum.de\/index.php?rest_route=\/wp\/v2\/types\/page"}],"author":[{"embeddable":true,"href":"https:\/\/realtheater-praktikum.de\/index.php?rest_route=\/wp\/v2\/users\/1"}],"replies":[{"embeddable":true,"href":"https:\/\/realtheater-praktikum.de\/index.php?rest_route=%2Fwp%2Fv2%2Fcomments&post=1459"}],"version-history":[{"count":18,"href":"https:\/\/realtheater-praktikum.de\/index.php?rest_route=\/wp\/v2\/pages\/1459\/revisions"}],"predecessor-version":[{"id":1574,"href":"https:\/\/realtheater-praktikum.de\/index.php?rest_route=\/wp\/v2\/pages\/1459\/revisions\/1574"}],"up":[{"embeddable":true,"href":"https:\/\/realtheater-praktikum.de\/index.php?rest_route=\/wp\/v2\/pages\/112"}],"wp:attachment":[{"href":"https:\/\/realtheater-praktikum.de\/index.php?rest_route=%2Fwp%2Fv2%2Fmedia&parent=1459"}],"curies":[{"name":"wp","href":"https:\/\/api.w.org\/{rel}","templated":true}]}}