{"id":1292,"date":"2018-05-22T20:11:29","date_gmt":"2018-05-22T20:11:29","guid":{"rendered":"http:\/\/realtheater-praktikum.de\/?page_id=1292"},"modified":"2019-02-10T20:26:22","modified_gmt":"2019-02-10T20:26:22","slug":"1292-2","status":"publish","type":"page","link":"https:\/\/realtheater-praktikum.de\/?page_id=1292","title":{"rendered":"2018 Styrum Side Story"},"content":{"rendered":"<p>Das Theater- und Filmprojekt &#8222;Styrum Side Story&#8220; ist f\u00fcr alle Leute aus Styrum, die Bock haben, an einer Geschichte mitzuarbeiten, die sie selbst und ihren Stadtteil zeigt.<\/p>\n<p>Der Titel ist halb geklaut und ein bisschen\u00a0Programm. Die &#8222;West Side Story&#8220; ist ein Musical aus dem 20. Jahrhundert. Es geht um zwei verfeindete\u00a0Gangs. Die einen sind wei\u00dfe, amerikanische \u00a0Jungs &#8211; die anderen kommen aus Lateinamerika und haben einen dunkleren Teint. Soweit so gut. Aber dann verlieben sich ein Junge und ein M\u00e4dchen aus den verschiedenen Lagern.\u00a0Die Erfinder der West Side Story &#8211; Bernstein (Musik), Laurents (Skript) und Sondheim (Texte der Lieder) &#8211; \u00a0haben aber auch nicht das Rad neu erfunden und sich bei William Shakespeare bedient. Genauer gesagt bei &#8222;Romeo und Julia&#8220;.<\/p>\n<p>Der Plan ist: Lasst uns klassisch werden! Und wer jetzt denkt: &#8222;Hau mir ab! Was soll der alte Quark?&#8220; Hier kommt die Antwort als Zitat aus der scheinbar alten Kamelle:\u00a0&#8222;Bei meiner Sohle, das ist mir schei\u00dfegal!&#8220;<\/p>\n<p>Der Stress\u00a0und der Stoff sind\u00a0so alt wie die Welt. Verona, New York, Styrum. Machen wir was draus!<\/p>\n<p>&nbsp;<\/p>\n<p style=\"text-align: center;\"><strong>Die Castings\u00a0sind am 31. August und am 3. September in der Talent Werkstatt Styrum an der Oberhausener Str. 192. Beginn: 16:00 Uhr! Das Mitbringen von Instrumenten ist erw\u00fcnscht. Ein Schlagzeug wird gestellt.<\/strong><\/p>\n<p style=\"text-align: center;\"><strong>Die Proben danach sind jeden Freitag von 16:30 &#8211; 18:00.\u00a0<\/strong><\/p>\n<p style=\"text-align: center;\"><strong>Auff\u00fchrungen sind im Dezember geplant.\u00a0<\/strong><\/p>\n<p>Realtheater und B\u00fchnen e.V. bedankt sich tausendfach bei Frau Lisa Liebermann f\u00fcr den gro\u00dfartigen Flyer und bei Herrn Michael Fr\u00f6hlke f\u00fcr seine Hilfe bei dessen Verteilung.<\/p>\n<p>&nbsp;<\/p>\n<p><img loading=\"lazy\" decoding=\"async\" class=\"alignnone wp-image-1432\" src=\"https:\/\/realtheater-praktikum.de\/wp-content\/uploads\/2018\/05\/STYRUM_FLYER_DEF-verschoben.jpg\" alt=\"STYRUM_FLYER_DEF (verschoben)\" width=\"3729\" height=\"2643\" srcset=\"https:\/\/realtheater-praktikum.de\/wp-content\/uploads\/2018\/05\/STYRUM_FLYER_DEF-verschoben.jpg 1765w, https:\/\/realtheater-praktikum.de\/wp-content\/uploads\/2018\/05\/STYRUM_FLYER_DEF-verschoben-300x213.jpg 300w, https:\/\/realtheater-praktikum.de\/wp-content\/uploads\/2018\/05\/STYRUM_FLYER_DEF-verschoben-768x544.jpg 768w, https:\/\/realtheater-praktikum.de\/wp-content\/uploads\/2018\/05\/STYRUM_FLYER_DEF-verschoben-1024x726.jpg 1024w\" sizes=\"(max-width: 3729px) 100vw, 3729px\" \/><\/p>\n","protected":false},"excerpt":{"rendered":"<p class=\"excerpt\">Das Theater- und Filmprojekt &#8222;Styrum Side Story&#8220; ist f\u00fcr alle Leute aus Styrum, die Bock haben, an einer Geschichte mitzuarbeiten, die sie selbst und ihren Stadtteil zeigt. Der Titel ist halb geklaut und ein bisschen\u00a0Programm. Die &#8222;West Side Story&#8220; ist ein Musical aus dem 20. Jahrhundert. Es geht um zwei verfeindete\u00a0Gangs. Die einen sind wei\u00dfe, amerikanische \u00a0Jungs &#8211; die anderen&hellip;<\/p>\n<p class=\"more-link-p\"><a class=\"btn btn-default\" href=\"https:\/\/realtheater-praktikum.de\/?page_id=1292\">Read more<\/a><\/p>\n","protected":false},"author":1,"featured_media":0,"parent":0,"menu_order":0,"comment_status":"closed","ping_status":"closed","template":"","meta":{"footnotes":""},"_links":{"self":[{"href":"https:\/\/realtheater-praktikum.de\/index.php?rest_route=\/wp\/v2\/pages\/1292"}],"collection":[{"href":"https:\/\/realtheater-praktikum.de\/index.php?rest_route=\/wp\/v2\/pages"}],"about":[{"href":"https:\/\/realtheater-praktikum.de\/index.php?rest_route=\/wp\/v2\/types\/page"}],"author":[{"embeddable":true,"href":"https:\/\/realtheater-praktikum.de\/index.php?rest_route=\/wp\/v2\/users\/1"}],"replies":[{"embeddable":true,"href":"https:\/\/realtheater-praktikum.de\/index.php?rest_route=%2Fwp%2Fv2%2Fcomments&post=1292"}],"version-history":[{"count":82,"href":"https:\/\/realtheater-praktikum.de\/index.php?rest_route=\/wp\/v2\/pages\/1292\/revisions"}],"predecessor-version":[{"id":1627,"href":"https:\/\/realtheater-praktikum.de\/index.php?rest_route=\/wp\/v2\/pages\/1292\/revisions\/1627"}],"wp:attachment":[{"href":"https:\/\/realtheater-praktikum.de\/index.php?rest_route=%2Fwp%2Fv2%2Fmedia&parent=1292"}],"curies":[{"name":"wp","href":"https:\/\/api.w.org\/{rel}","templated":true}]}}