{"id":1225,"date":"2017-11-24T21:57:41","date_gmt":"2017-11-24T21:57:41","guid":{"rendered":"http:\/\/realtheater-praktikum.de\/?page_id=1225"},"modified":"2017-11-24T22:15:56","modified_gmt":"2017-11-24T22:15:56","slug":"november-2017","status":"publish","type":"page","link":"https:\/\/realtheater-praktikum.de\/?page_id=1225","title":{"rendered":"November 2017"},"content":{"rendered":"<!--[if lt IE 9]><script>document.createElement('audio');<\/script><![endif]-->\n<audio class=\"wp-audio-shortcode\" id=\"audio-1225-1\" preload=\"none\" style=\"width: 100%;\" controls=\"controls\"><source type=\"audio\/mpeg\" src=\"https:\/\/realtheater-praktikum.de\/wp-content\/uploads\/2017\/11\/5-Queen_Break_Free_01.mp3?_=1\" \/><a href=\"https:\/\/realtheater-praktikum.de\/wp-content\/uploads\/2017\/11\/5-Queen_Break_Free_01.mp3\">https:\/\/realtheater-praktikum.de\/wp-content\/uploads\/2017\/11\/5-Queen_Break_Free_01.mp3<\/a><\/audio>\n<p><a href=\"https:\/\/realtheater-praktikum.de\/?attachment_id=1266\" rel=\"attachment wp-att-1266\"><img loading=\"lazy\" decoding=\"async\" class=\"alignnone size-full wp-image-1266\" src=\"https:\/\/realtheater-praktikum.de\/wp-content\/uploads\/2017\/11\/DSC00256.jpg\" alt=\"DSC00256\" width=\"5339\" height=\"3559\" srcset=\"https:\/\/realtheater-praktikum.de\/wp-content\/uploads\/2017\/11\/DSC00256.jpg 5339w, https:\/\/realtheater-praktikum.de\/wp-content\/uploads\/2017\/11\/DSC00256-300x200.jpg 300w, https:\/\/realtheater-praktikum.de\/wp-content\/uploads\/2017\/11\/DSC00256-768x512.jpg 768w, https:\/\/realtheater-praktikum.de\/wp-content\/uploads\/2017\/11\/DSC00256-1024x683.jpg 1024w\" sizes=\"(max-width: 5339px) 100vw, 5339px\" \/><\/a><\/p>\n<p><strong><span style=\"color: #1e1e1e;\"><span style=\"font-family: OpenSans-Regular, sans-serif;\"><span style=\"font-size: large;\">Denn f\u00fcr dieses Leben<\/span><\/span><\/span><\/strong><\/p>\n<p><strong><span style=\"color: #1e1e1e;\"><span style=\"font-family: OpenSans-Regular, sans-serif;\"><span style=\"font-size: large;\">Ist der Mensch nicht schlecht genug.<\/span><\/span><\/span><\/strong><\/p>\n<p><strong><span style=\"color: #1e1e1e;\"><span style=\"font-family: OpenSans-Regular, sans-serif;\"><span style=\"font-size: large;\">Doch sein h\u00f6hres Streben<\/span><\/span><\/span><\/strong><\/p>\n<p><strong><span style=\"color: #1e1e1e;\"><span style=\"font-family: OpenSans-Regular, sans-serif;\"><span style=\"font-size: large;\">Ist ein sch\u00f6ner Zug.<\/span><\/span><\/span><\/strong><\/p>\n<p><strong>B.B.<\/strong><\/p>\n","protected":false},"excerpt":{"rendered":"<p class=\"excerpt\">Denn f\u00fcr dieses Leben Ist der Mensch nicht schlecht genug. Doch sein h\u00f6hres Streben Ist ein sch\u00f6ner Zug. B.B.<\/p>\n<p class=\"more-link-p\"><a class=\"btn btn-default\" href=\"https:\/\/realtheater-praktikum.de\/?page_id=1225\">Read more<\/a><\/p>\n","protected":false},"author":1,"featured_media":0,"parent":0,"menu_order":0,"comment_status":"closed","ping_status":"closed","template":"","meta":{"footnotes":""},"_links":{"self":[{"href":"https:\/\/realtheater-praktikum.de\/index.php?rest_route=\/wp\/v2\/pages\/1225"}],"collection":[{"href":"https:\/\/realtheater-praktikum.de\/index.php?rest_route=\/wp\/v2\/pages"}],"about":[{"href":"https:\/\/realtheater-praktikum.de\/index.php?rest_route=\/wp\/v2\/types\/page"}],"author":[{"embeddable":true,"href":"https:\/\/realtheater-praktikum.de\/index.php?rest_route=\/wp\/v2\/users\/1"}],"replies":[{"embeddable":true,"href":"https:\/\/realtheater-praktikum.de\/index.php?rest_route=%2Fwp%2Fv2%2Fcomments&post=1225"}],"version-history":[{"count":6,"href":"https:\/\/realtheater-praktikum.de\/index.php?rest_route=\/wp\/v2\/pages\/1225\/revisions"}],"predecessor-version":[{"id":1272,"href":"https:\/\/realtheater-praktikum.de\/index.php?rest_route=\/wp\/v2\/pages\/1225\/revisions\/1272"}],"wp:attachment":[{"href":"https:\/\/realtheater-praktikum.de\/index.php?rest_route=%2Fwp%2Fv2%2Fmedia&parent=1225"}],"curies":[{"name":"wp","href":"https:\/\/api.w.org\/{rel}","templated":true}]}}