{"id":1207,"date":"2017-09-30T20:03:14","date_gmt":"2017-09-30T20:03:14","guid":{"rendered":"http:\/\/realtheater-praktikum.de\/?page_id=1207"},"modified":"2018-07-29T17:53:24","modified_gmt":"2018-07-29T17:53:24","slug":"januar-2017","status":"publish","type":"page","link":"https:\/\/realtheater-praktikum.de\/?page_id=1207","title":{"rendered":"Der Anfang Januar 2017"},"content":{"rendered":"<p><strong>&#8222;Ja, mach nur einen Plan!<\/strong><br \/>\n<strong> Sei nur ein gro\u00dfes Licht!&#8220;<\/strong><br \/>\n(Bertold Brecht)<\/p>\n<p>Unser Plan: Wir bringen mit Skateboard und Rollator Leben auf die B\u00fchne und sind die Abrissbirne der Mauer zwischen <a href=\"https:\/\/realtheater-praktikum.de\/?page_id=1202\">Jung und Alt.<\/a><\/p>\n<!--[if lt IE 9]><script>document.createElement('audio');<\/script><![endif]-->\n<audio class=\"wp-audio-shortcode\" id=\"audio-1207-1\" preload=\"none\" style=\"width: 100%;\" controls=\"controls\"><source type=\"audio\/mpeg\" src=\"https:\/\/realtheater-praktikum.de\/wp-content\/uploads\/2017\/09\/1-07-Ring-Ring-Ring-Ha-Ha-Hey.m4a?_=1\" \/><a href=\"https:\/\/realtheater-praktikum.de\/wp-content\/uploads\/2017\/09\/1-07-Ring-Ring-Ring-Ha-Ha-Hey.m4a\">https:\/\/realtheater-praktikum.de\/wp-content\/uploads\/2017\/09\/1-07-Ring-Ring-Ring-Ha-Ha-Hey.m4a<\/a><\/audio>\n<p><a href=\"https:\/\/realtheater-praktikum.de\/?attachment_id=1237\" rel=\"attachment wp-att-1237\"><img loading=\"lazy\" decoding=\"async\" class=\"alignnone size-full wp-image-1237\" src=\"https:\/\/realtheater-praktikum.de\/wp-content\/uploads\/2017\/09\/DSC00283.jpg\" alt=\"DSC00283\" width=\"5890\" height=\"3927\" srcset=\"https:\/\/realtheater-praktikum.de\/wp-content\/uploads\/2017\/09\/DSC00283.jpg 5890w, https:\/\/realtheater-praktikum.de\/wp-content\/uploads\/2017\/09\/DSC00283-300x200.jpg 300w, https:\/\/realtheater-praktikum.de\/wp-content\/uploads\/2017\/09\/DSC00283-768x512.jpg 768w, https:\/\/realtheater-praktikum.de\/wp-content\/uploads\/2017\/09\/DSC00283-1024x683.jpg 1024w\" sizes=\"(max-width: 5890px) 100vw, 5890px\" \/><\/a><\/p>\n<p>Mit Skateboard und Rollator wurde gef\u00f6rdert von:<\/p>\n<p><img loading=\"lazy\" decoding=\"async\" class=\"alignnone size-large wp-image-1390\" src=\"https:\/\/realtheater-praktikum.de\/wp-content\/uploads\/2017\/09\/Logo-MFKJKS.tiff\" alt=\"Logo-MFKJKS\" width=\"1\" height=\"1\" \/><a href=\"https:\/\/realtheater-praktikum.de\/wp-content\/uploads\/2017\/09\/Logo-MFKJKS-1.tiff\" rel=\"attachment wp-att-1394\"><img loading=\"lazy\" decoding=\"async\" class=\"alignnone size-large wp-image-1394\" src=\"https:\/\/realtheater-praktikum.de\/wp-content\/uploads\/2017\/09\/Logo-MFKJKS-1.tiff\" alt=\"Logo-MFKJKS\" width=\"1\" height=\"1\" \/><img loading=\"lazy\" decoding=\"async\" class=\"alignnone size-large wp-image-1397\" src=\"https:\/\/realtheater-praktikum.de\/wp-content\/uploads\/2017\/09\/Logo-MFKJKS-farbe_550554-1024x210.jpg\" alt=\"Logo-MFKJKS-farbe_550554\" width=\"631\" height=\"129\" srcset=\"https:\/\/realtheater-praktikum.de\/wp-content\/uploads\/2017\/09\/Logo-MFKJKS-farbe_550554-1024x210.jpg 1024w, https:\/\/realtheater-praktikum.de\/wp-content\/uploads\/2017\/09\/Logo-MFKJKS-farbe_550554-300x61.jpg 300w, https:\/\/realtheater-praktikum.de\/wp-content\/uploads\/2017\/09\/Logo-MFKJKS-farbe_550554-768x157.jpg 768w\" sizes=\"(max-width: 631px) 100vw, 631px\" \/><\/a><\/p>\n<p>und\u00a0<img loading=\"lazy\" decoding=\"async\" class=\"alignnone size-full wp-image-717\" src=\"https:\/\/realtheater-praktikum.de\/wp-content\/uploads\/2016\/01\/Logo-Kulturbetrieb.png\" alt=\"Logo Kulturbetrieb\" width=\"320\" height=\"76\" srcset=\"https:\/\/realtheater-praktikum.de\/wp-content\/uploads\/2016\/01\/Logo-Kulturbetrieb.png 320w, https:\/\/realtheater-praktikum.de\/wp-content\/uploads\/2016\/01\/Logo-Kulturbetrieb-300x71.png 300w\" sizes=\"(max-width: 320px) 100vw, 320px\" \/><\/p>\n<p>&nbsp;<\/p>\n<p><a href=\"https:\/\/realtheater-praktikum.de\/wp-content\/uploads\/2017\/09\/Logo-MFKJKS.tiff\" rel=\"attachment wp-att-1395\"><img loading=\"lazy\" decoding=\"async\" class=\"alignnone size-large wp-image-1395\" src=\"https:\/\/realtheater-praktikum.de\/wp-content\/uploads\/2017\/09\/Logo-MFKJKS.tiff\" alt=\"Logo-MFKJKS\" width=\"1\" height=\"1\" \/><\/a><a href=\"https:\/\/realtheater-praktikum.de\/?attachment_id=1078\" rel=\"attachment wp-att-1078\"><img loading=\"lazy\" decoding=\"async\" class=\"alignnone size-large wp-image-1078\" src=\"https:\/\/realtheater-praktikum.de\/wp-content\/uploads\/2017\/03\/Logo-MFKJKS-1.tiff\" alt=\"Logo MFKJKS\" width=\"1\" height=\"1\" \/><\/a><a href=\"https:\/\/realtheater-praktikum.de\/?attachment_id=1077\" rel=\"attachment wp-att-1077\"><img loading=\"lazy\" decoding=\"async\" class=\"alignnone size-large wp-image-1077\" src=\"https:\/\/realtheater-praktikum.de\/wp-content\/uploads\/2017\/03\/Logo-MFKJKS.tiff\" alt=\"Logo-MFKJKS\" width=\"1\" height=\"1\" \/><\/a><\/p>\n","protected":false},"excerpt":{"rendered":"<p class=\"excerpt\">&#8222;Ja, mach nur einen Plan! Sei nur ein gro\u00dfes Licht!&#8220; (Bertold Brecht) Unser Plan: Wir bringen mit Skateboard und Rollator Leben auf die B\u00fchne und sind die Abrissbirne der Mauer zwischen Jung und Alt. Mit Skateboard und Rollator wurde gef\u00f6rdert von: und\u00a0 &nbsp;<\/p>\n<p class=\"more-link-p\"><a class=\"btn btn-default\" href=\"https:\/\/realtheater-praktikum.de\/?page_id=1207\">Read more<\/a><\/p>\n","protected":false},"author":1,"featured_media":0,"parent":0,"menu_order":0,"comment_status":"closed","ping_status":"closed","template":"","meta":{"footnotes":""},"_links":{"self":[{"href":"https:\/\/realtheater-praktikum.de\/index.php?rest_route=\/wp\/v2\/pages\/1207"}],"collection":[{"href":"https:\/\/realtheater-praktikum.de\/index.php?rest_route=\/wp\/v2\/pages"}],"about":[{"href":"https:\/\/realtheater-praktikum.de\/index.php?rest_route=\/wp\/v2\/types\/page"}],"author":[{"embeddable":true,"href":"https:\/\/realtheater-praktikum.de\/index.php?rest_route=\/wp\/v2\/users\/1"}],"replies":[{"embeddable":true,"href":"https:\/\/realtheater-praktikum.de\/index.php?rest_route=%2Fwp%2Fv2%2Fcomments&post=1207"}],"version-history":[{"count":11,"href":"https:\/\/realtheater-praktikum.de\/index.php?rest_route=\/wp\/v2\/pages\/1207\/revisions"}],"predecessor-version":[{"id":1399,"href":"https:\/\/realtheater-praktikum.de\/index.php?rest_route=\/wp\/v2\/pages\/1207\/revisions\/1399"}],"wp:attachment":[{"href":"https:\/\/realtheater-praktikum.de\/index.php?rest_route=%2Fwp%2Fv2%2Fmedia&parent=1207"}],"curies":[{"name":"wp","href":"https:\/\/api.w.org\/{rel}","templated":true}]}}