{"id":1199,"date":"2017-09-30T19:52:08","date_gmt":"2017-09-30T19:52:08","guid":{"rendered":"http:\/\/realtheater-praktikum.de\/?page_id=1199"},"modified":"2017-11-24T23:23:05","modified_gmt":"2017-11-24T23:23:05","slug":"april-2017","status":"publish","type":"page","link":"https:\/\/realtheater-praktikum.de\/?page_id=1199","title":{"rendered":"Ausz\u00fcge aus dem Proben Chat"},"content":{"rendered":"<p><span style=\"color: #1e1e1e;\"><span style=\"font-family: OpenSans-Regular, sans-serif;\"><span style=\"font-size: large;\">&#8222;Und mach dann noch\u2019nen zweiten Plan<br \/>\nGehn tun sie beide nicht.&#8220; B.B.<br \/>\n<\/span><\/span><\/span><\/p>\n<!--[if lt IE 9]><script>document.createElement('audio');<\/script><![endif]-->\n<audio class=\"wp-audio-shortcode\" id=\"audio-1199-1\" preload=\"none\" style=\"width: 100%;\" controls=\"controls\"><source type=\"audio\/mpeg\" src=\"https:\/\/realtheater-praktikum.de\/wp-content\/uploads\/2017\/09\/7-Danse_Macabre_Start.mp3?_=1\" \/><a href=\"https:\/\/realtheater-praktikum.de\/wp-content\/uploads\/2017\/09\/7-Danse_Macabre_Start.mp3\">https:\/\/realtheater-praktikum.de\/wp-content\/uploads\/2017\/09\/7-Danse_Macabre_Start.mp3<\/a><\/audio>\n<p><strong>TREFFEN morgen um um 17:00. Geht das klar?<\/strong><\/p>\n<ul>\n<li>Kann nur bis 18:30<\/li>\n<li>Kann erst ab 18:00<\/li>\n<li>Habe an dem Tag Geburtstag. Aber komme trotzdem.<\/li>\n<li>Moinsen. Werde vermutlich nicht erscheinen, liege krank im Bett. Aber viel Erfolg und bis n\u00e4chste Woche (?) dann.<\/li>\n<li>Also heute doch nicht oder wie?<\/li>\n<li>N\u00e4chste Woche.<\/li>\n<li>Komme vielleicht etwas sp\u00e4ter.<\/li>\n<li>Ey n\u00e4chste Woche oder dienstags?<\/li>\n<li>Ich glaube Dienstag.<\/li>\n<li>Schon wer da?<\/li>\n<li>Komme heute nicht. Sorry.<\/li>\n<li>Ich auch nicht bzw. nur kurz.<\/li>\n<li>Bin unterwegs.<\/li>\n<li>Bin etwas sp\u00e4ter da.<\/li>\n<li>M\u00fcsste in 45 min. da sein.<\/li>\n<li>Bis wann geht das heute?<\/li>\n<li>Komme 15 Min. sp\u00e4ter.<\/li>\n<li>Komme erst mal nicht, habe ja Konfirmationsunterricht.<\/li>\n<li>Aber ich komme.<\/li>\n<li>Kann nur bis 18:00.<\/li>\n<li>Ich kann heute leider nicht kommen. Ich schreib morgen ne wichtige Klausur und muss noch <strong>etwas <\/strong>lernen.<\/li>\n<li>Lagerm\u00f6glichkeiten zurzeit Null. Unser Inkomaterial steht ja schon auf der B\u00fchne.<\/li>\n<li>Wei\u00df meine Mutter Bescheid?<\/li>\n<li>Also wann dann f\u00fcr die Anderen?<\/li>\n<li>Wir sind in 10 Minuten da.<\/li>\n<li><strong>AM N\u00c4CHSTEN DIENSTAG IST PROBE F\u00dcR ALLE! ENTSCHULDIGUNGEN WERDEN NICHT AKZEPTIERT.<\/strong><audio class=\"wp-audio-shortcode\" id=\"audio-1199-2\" preload=\"none\" style=\"width: 100%;\" controls=\"controls\"><source type=\"audio\/mpeg\" src=\"https:\/\/realtheater-praktikum.de\/wp-content\/uploads\/2017\/09\/8-Dance-of-the-Knights_Prokofiev.mp3?_=2\" \/><a href=\"https:\/\/realtheater-praktikum.de\/wp-content\/uploads\/2017\/09\/8-Dance-of-the-Knights_Prokofiev.mp3\">https:\/\/realtheater-praktikum.de\/wp-content\/uploads\/2017\/09\/8-Dance-of-the-Knights_Prokofiev.mp3<\/a><\/audio>\n<p>Habe morgen Tagdienst. Werde nicht vor 18 Uhr in M\u00fclheim sein. Ich schaffe es heute leider nicht. Wir haben Erdbeerfest. Versp\u00e4te mich um ca. 15 Minuten. Hat jemand ein iPhone Kabel f\u00fcr Alexander? Samstag proben w\u00e4r super. Zurzeit in L\u00fcbeck. Meinen Gro\u00dfvater besuchen. Wie lange geht die Probe? Meine Bahn ist ausgefallen. Wann soll Leon wo sein&#8230;. <a href=\"https:\/\/realtheater-praktikum.de\/?page_id=1194\">Er sagt mir ja nix.<\/a><\/li>\n<\/ul>\n<p>&nbsp;<\/p>\n<p>&nbsp;<\/p>\n<p>&nbsp;<\/p>\n","protected":false},"excerpt":{"rendered":"<p class=\"excerpt\">&#8222;Und mach dann noch\u2019nen zweiten Plan Gehn tun sie beide nicht.&#8220; B.B. TREFFEN morgen um um 17:00. Geht das klar? Kann nur bis 18:30 Kann erst ab 18:00 Habe an dem Tag Geburtstag. Aber komme trotzdem. Moinsen. Werde vermutlich nicht erscheinen, liege krank im Bett. Aber viel Erfolg und bis n\u00e4chste Woche (?) dann. Also heute doch nicht oder wie?&hellip;<\/p>\n<p class=\"more-link-p\"><a class=\"btn btn-default\" href=\"https:\/\/realtheater-praktikum.de\/?page_id=1199\">Read more<\/a><\/p>\n","protected":false},"author":1,"featured_media":0,"parent":0,"menu_order":0,"comment_status":"closed","ping_status":"closed","template":"","meta":{"footnotes":""},"_links":{"self":[{"href":"https:\/\/realtheater-praktikum.de\/index.php?rest_route=\/wp\/v2\/pages\/1199"}],"collection":[{"href":"https:\/\/realtheater-praktikum.de\/index.php?rest_route=\/wp\/v2\/pages"}],"about":[{"href":"https:\/\/realtheater-praktikum.de\/index.php?rest_route=\/wp\/v2\/types\/page"}],"author":[{"embeddable":true,"href":"https:\/\/realtheater-praktikum.de\/index.php?rest_route=\/wp\/v2\/users\/1"}],"replies":[{"embeddable":true,"href":"https:\/\/realtheater-praktikum.de\/index.php?rest_route=%2Fwp%2Fv2%2Fcomments&post=1199"}],"version-history":[{"count":12,"href":"https:\/\/realtheater-praktikum.de\/index.php?rest_route=\/wp\/v2\/pages\/1199\/revisions"}],"predecessor-version":[{"id":1280,"href":"https:\/\/realtheater-praktikum.de\/index.php?rest_route=\/wp\/v2\/pages\/1199\/revisions\/1280"}],"wp:attachment":[{"href":"https:\/\/realtheater-praktikum.de\/index.php?rest_route=%2Fwp%2Fv2%2Fmedia&parent=1199"}],"curies":[{"name":"wp","href":"https:\/\/api.w.org\/{rel}","templated":true}]}}