{"id":1194,"date":"2017-09-30T19:25:36","date_gmt":"2017-09-30T19:25:36","guid":{"rendered":"http:\/\/realtheater-praktikum.de\/?page_id=1194"},"modified":"2017-11-24T23:30:32","modified_gmt":"2017-11-24T23:30:32","slug":"probe-30-09-2017","status":"publish","type":"page","link":"https:\/\/realtheater-praktikum.de\/?page_id=1194","title":{"rendered":"September 2017 &#8211; Es nimmt Formen an"},"content":{"rendered":"<p><a href=\"https:\/\/realtheater-praktikum.de\/?attachment_id=1261\" rel=\"attachment wp-att-1261\"><img loading=\"lazy\" decoding=\"async\" class=\"alignnone size-full wp-image-1261\" src=\"https:\/\/realtheater-praktikum.de\/wp-content\/uploads\/2017\/09\/DSC00209.jpg\" alt=\"DSC00209\" width=\"6000\" height=\"4000\" srcset=\"https:\/\/realtheater-praktikum.de\/wp-content\/uploads\/2017\/09\/DSC00209.jpg 6000w, https:\/\/realtheater-praktikum.de\/wp-content\/uploads\/2017\/09\/DSC00209-300x200.jpg 300w, https:\/\/realtheater-praktikum.de\/wp-content\/uploads\/2017\/09\/DSC00209-768x512.jpg 768w, https:\/\/realtheater-praktikum.de\/wp-content\/uploads\/2017\/09\/DSC00209-1024x683.jpg 1024w\" sizes=\"(max-width: 6000px) 100vw, 6000px\" \/><\/a><\/p>\n<!--[if lt IE 9]><script>document.createElement('audio');<\/script><![endif]-->\n<audio class=\"wp-audio-shortcode\" id=\"audio-1194-1\" preload=\"none\" style=\"width: 100%;\" controls=\"controls\"><source type=\"audio\/mpeg\" src=\"https:\/\/realtheater-praktikum.de\/wp-content\/uploads\/2017\/09\/2-ANKARA-D\u00dc\u011e\u00dcN\u00dc.mp3?_=1\" \/><a href=\"https:\/\/realtheater-praktikum.de\/wp-content\/uploads\/2017\/09\/2-ANKARA-D\u00dc\u011e\u00dcN\u00dc.mp3\">https:\/\/realtheater-praktikum.de\/wp-content\/uploads\/2017\/09\/2-ANKARA-D\u00dc\u011e\u00dcN\u00dc.mp3<\/a><\/audio>\n<p><a href=\"https:\/\/realtheater-praktikum.de\/?attachment_id=1259\" rel=\"attachment wp-att-1259\"><img loading=\"lazy\" decoding=\"async\" class=\"alignnone size-full wp-image-1259\" src=\"https:\/\/realtheater-praktikum.de\/wp-content\/uploads\/2017\/09\/DSC00205.jpg\" alt=\"DSC00205\" width=\"3877\" height=\"5816\" srcset=\"https:\/\/realtheater-praktikum.de\/wp-content\/uploads\/2017\/09\/DSC00205.jpg 3877w, https:\/\/realtheater-praktikum.de\/wp-content\/uploads\/2017\/09\/DSC00205-200x300.jpg 200w, https:\/\/realtheater-praktikum.de\/wp-content\/uploads\/2017\/09\/DSC00205-768x1152.jpg 768w, https:\/\/realtheater-praktikum.de\/wp-content\/uploads\/2017\/09\/DSC00205-683x1024.jpg 683w\" sizes=\"(max-width: 3877px) 100vw, 3877px\" \/><\/a><\/p>\n<p>Und dann kommt die Presse<\/p>\n<p><a href=\"https:\/\/realtheater-praktikum.de\/?attachment_id=1284\" rel=\"attachment wp-att-1284\">WAZ_Ali_Baba<\/a><\/p>\n<p>und das bringt Schwung in die <a href=\"https:\/\/realtheater-praktikum.de\/?page_id=1225\">Sache&#8230;..<\/a><\/p>\n","protected":false},"excerpt":{"rendered":"<p class=\"excerpt\">Und dann kommt die Presse WAZ_Ali_Baba und das bringt Schwung in die Sache&#8230;..<\/p>\n<p class=\"more-link-p\"><a class=\"btn btn-default\" href=\"https:\/\/realtheater-praktikum.de\/?page_id=1194\">Read more<\/a><\/p>\n","protected":false},"author":1,"featured_media":0,"parent":1014,"menu_order":0,"comment_status":"closed","ping_status":"closed","template":"","meta":{"footnotes":""},"_links":{"self":[{"href":"https:\/\/realtheater-praktikum.de\/index.php?rest_route=\/wp\/v2\/pages\/1194"}],"collection":[{"href":"https:\/\/realtheater-praktikum.de\/index.php?rest_route=\/wp\/v2\/pages"}],"about":[{"href":"https:\/\/realtheater-praktikum.de\/index.php?rest_route=\/wp\/v2\/types\/page"}],"author":[{"embeddable":true,"href":"https:\/\/realtheater-praktikum.de\/index.php?rest_route=\/wp\/v2\/users\/1"}],"replies":[{"embeddable":true,"href":"https:\/\/realtheater-praktikum.de\/index.php?rest_route=%2Fwp%2Fv2%2Fcomments&post=1194"}],"version-history":[{"count":10,"href":"https:\/\/realtheater-praktikum.de\/index.php?rest_route=\/wp\/v2\/pages\/1194\/revisions"}],"predecessor-version":[{"id":1287,"href":"https:\/\/realtheater-praktikum.de\/index.php?rest_route=\/wp\/v2\/pages\/1194\/revisions\/1287"}],"up":[{"embeddable":true,"href":"https:\/\/realtheater-praktikum.de\/index.php?rest_route=\/wp\/v2\/pages\/1014"}],"wp:attachment":[{"href":"https:\/\/realtheater-praktikum.de\/index.php?rest_route=%2Fwp%2Fv2%2Fmedia&parent=1194"}],"curies":[{"name":"wp","href":"https:\/\/api.w.org\/{rel}","templated":true}]}}