{"id":1014,"date":"2017-02-24T22:44:17","date_gmt":"2017-02-24T22:44:17","guid":{"rendered":"http:\/\/realtheater-praktikum.de\/?page_id=1014"},"modified":"2017-09-30T20:04:14","modified_gmt":"2017-09-30T20:04:14","slug":"mit-skateboard-und-rollator","status":"publish","type":"page","link":"https:\/\/realtheater-praktikum.de\/?page_id=1014","title":{"rendered":"April 2017"},"content":{"rendered":"<blockquote><p><a href=\"https:\/\/realtheater-praktikum.de\/?p=1191\">https:\/\/realtheater-praktikum.de\/?p=1191<\/a><\/p>\n<p>Erziehung ist die organisierte Verteidigung der Erwachsenen gegen die Jugend. Mark Twain<\/p><\/blockquote>\n<p>&nbsp;<\/p>\n<blockquote><p>&nbsp;<\/p>\n<p><a href=\"https:\/\/realtheater-praktikum.de\/?attachment_id=1126\" rel=\"attachment wp-att-1126\"><img loading=\"lazy\" decoding=\"async\" class=\"alignnone size-full wp-image-1126\" src=\"https:\/\/realtheater-praktikum.de\/wp-content\/uploads\/2017\/02\/IMG_9803.jpg\" alt=\"IMG_9803\" width=\"3648\" height=\"2432\" srcset=\"https:\/\/realtheater-praktikum.de\/wp-content\/uploads\/2017\/02\/IMG_9803.jpg 3648w, https:\/\/realtheater-praktikum.de\/wp-content\/uploads\/2017\/02\/IMG_9803-300x200.jpg 300w, https:\/\/realtheater-praktikum.de\/wp-content\/uploads\/2017\/02\/IMG_9803-768x512.jpg 768w, https:\/\/realtheater-praktikum.de\/wp-content\/uploads\/2017\/02\/IMG_9803-1024x683.jpg 1024w\" sizes=\"(max-width: 3648px) 100vw, 3648px\" \/><\/a><\/p>\n<p>&nbsp;<\/p>\n<p>Eine Verteidigung findet nicht statt.<\/p>\n<p>&nbsp;<\/p>\n<p><a href=\"https:\/\/realtheater-praktikum.de\/?attachment_id=1127\" rel=\"attachment wp-att-1127\"><img loading=\"lazy\" decoding=\"async\" class=\"alignnone size-full wp-image-1127\" src=\"https:\/\/realtheater-praktikum.de\/wp-content\/uploads\/2017\/02\/IMG_9812.jpg\" alt=\"IMG_9812\" width=\"3648\" height=\"2432\" srcset=\"https:\/\/realtheater-praktikum.de\/wp-content\/uploads\/2017\/02\/IMG_9812.jpg 3648w, https:\/\/realtheater-praktikum.de\/wp-content\/uploads\/2017\/02\/IMG_9812-300x200.jpg 300w, https:\/\/realtheater-praktikum.de\/wp-content\/uploads\/2017\/02\/IMG_9812-768x512.jpg 768w, https:\/\/realtheater-praktikum.de\/wp-content\/uploads\/2017\/02\/IMG_9812-1024x683.jpg 1024w\" sizes=\"(max-width: 3648px) 100vw, 3648px\" \/><\/a><\/p>\n<p>&nbsp;<\/p>\n<p>Wolfgang und Karin, im Hintergrund Fee, Alexander und Jonah<\/p>\n<p>&nbsp;<\/p>\n<p><a href=\"https:\/\/realtheater-praktikum.de\/?attachment_id=1128\" rel=\"attachment wp-att-1128\"><img loading=\"lazy\" decoding=\"async\" class=\"alignnone size-full wp-image-1128\" src=\"https:\/\/realtheater-praktikum.de\/wp-content\/uploads\/2017\/02\/IMG_9820.jpg\" alt=\"IMG_9820\" width=\"3648\" height=\"2432\" srcset=\"https:\/\/realtheater-praktikum.de\/wp-content\/uploads\/2017\/02\/IMG_9820.jpg 3648w, https:\/\/realtheater-praktikum.de\/wp-content\/uploads\/2017\/02\/IMG_9820-300x200.jpg 300w, https:\/\/realtheater-praktikum.de\/wp-content\/uploads\/2017\/02\/IMG_9820-768x512.jpg 768w, https:\/\/realtheater-praktikum.de\/wp-content\/uploads\/2017\/02\/IMG_9820-1024x683.jpg 1024w\" sizes=\"(max-width: 3648px) 100vw, 3648px\" \/><\/a><\/p>\n<p>&nbsp;<\/p>\n<p>Lesen<\/p>\n<p>&nbsp;<\/p>\n<p><a href=\"https:\/\/realtheater-praktikum.de\/?attachment_id=1129\" rel=\"attachment wp-att-1129\"><img loading=\"lazy\" decoding=\"async\" class=\"alignnone size-full wp-image-1129\" src=\"https:\/\/realtheater-praktikum.de\/wp-content\/uploads\/2017\/02\/IMG_9822.jpg\" alt=\"IMG_9822\" width=\"3648\" height=\"2432\" srcset=\"https:\/\/realtheater-praktikum.de\/wp-content\/uploads\/2017\/02\/IMG_9822.jpg 3648w, https:\/\/realtheater-praktikum.de\/wp-content\/uploads\/2017\/02\/IMG_9822-300x200.jpg 300w, https:\/\/realtheater-praktikum.de\/wp-content\/uploads\/2017\/02\/IMG_9822-768x512.jpg 768w, https:\/\/realtheater-praktikum.de\/wp-content\/uploads\/2017\/02\/IMG_9822-1024x683.jpg 1024w\" sizes=\"(max-width: 3648px) 100vw, 3648px\" \/><\/a><\/p>\n<p>&nbsp;<\/p>\n<p>Gucken<\/p>\n<p><a href=\"https:\/\/realtheater-praktikum.de\/?attachment_id=1131\" rel=\"attachment wp-att-1131\"><img loading=\"lazy\" decoding=\"async\" class=\"alignnone size-full wp-image-1131\" src=\"https:\/\/realtheater-praktikum.de\/wp-content\/uploads\/2017\/02\/IMG_9833-e1492795391810.jpg\" alt=\"IMG_9833\" width=\"2432\" height=\"3648\" srcset=\"https:\/\/realtheater-praktikum.de\/wp-content\/uploads\/2017\/02\/IMG_9833-e1492795391810.jpg 2432w, https:\/\/realtheater-praktikum.de\/wp-content\/uploads\/2017\/02\/IMG_9833-e1492795391810-200x300.jpg 200w, https:\/\/realtheater-praktikum.de\/wp-content\/uploads\/2017\/02\/IMG_9833-e1492795391810-768x1152.jpg 768w, https:\/\/realtheater-praktikum.de\/wp-content\/uploads\/2017\/02\/IMG_9833-e1492795391810-683x1024.jpg 683w\" sizes=\"(max-width: 2432px) 100vw, 2432px\" \/><\/a><\/p>\n<p>&nbsp;<\/p>\n<p>und wieder lesen<\/p>\n<p>&nbsp;<\/p>\n<p><a href=\"https:\/\/realtheater-praktikum.de\/?attachment_id=1132\" rel=\"attachment wp-att-1132\"><img loading=\"lazy\" decoding=\"async\" class=\"alignnone size-full wp-image-1132\" src=\"https:\/\/realtheater-praktikum.de\/wp-content\/uploads\/2017\/02\/IMG_9844.jpg\" alt=\"IMG_9844\" width=\"3648\" height=\"2432\" srcset=\"https:\/\/realtheater-praktikum.de\/wp-content\/uploads\/2017\/02\/IMG_9844.jpg 3648w, https:\/\/realtheater-praktikum.de\/wp-content\/uploads\/2017\/02\/IMG_9844-300x200.jpg 300w, https:\/\/realtheater-praktikum.de\/wp-content\/uploads\/2017\/02\/IMG_9844-768x512.jpg 768w, https:\/\/realtheater-praktikum.de\/wp-content\/uploads\/2017\/02\/IMG_9844-1024x683.jpg 1024w\" sizes=\"(max-width: 3648px) 100vw, 3648px\" \/><\/a><\/p>\n<p>&nbsp;<\/p>\n<p>Simon!!!!<\/p>\n<p>&nbsp;<\/p>\n<p><a href=\"https:\/\/realtheater-praktikum.de\/?attachment_id=1133\" rel=\"attachment wp-att-1133\"><img loading=\"lazy\" decoding=\"async\" class=\"alignnone size-full wp-image-1133\" src=\"https:\/\/realtheater-praktikum.de\/wp-content\/uploads\/2017\/02\/IMG_9845.jpg\" alt=\"IMG_9845\" width=\"3648\" height=\"2432\" srcset=\"https:\/\/realtheater-praktikum.de\/wp-content\/uploads\/2017\/02\/IMG_9845.jpg 3648w, https:\/\/realtheater-praktikum.de\/wp-content\/uploads\/2017\/02\/IMG_9845-300x200.jpg 300w, https:\/\/realtheater-praktikum.de\/wp-content\/uploads\/2017\/02\/IMG_9845-768x512.jpg 768w, https:\/\/realtheater-praktikum.de\/wp-content\/uploads\/2017\/02\/IMG_9845-1024x683.jpg 1024w\" sizes=\"(max-width: 3648px) 100vw, 3648px\" \/><\/a><\/p>\n<p>&nbsp;<\/p>\n<p>Michael &amp; Emanuel<\/p>\n<p>&nbsp;<\/p>\n<p><a href=\"https:\/\/realtheater-praktikum.de\/?attachment_id=1135\" rel=\"attachment wp-att-1135\"><img loading=\"lazy\" decoding=\"async\" class=\"alignnone size-full wp-image-1135\" src=\"https:\/\/realtheater-praktikum.de\/wp-content\/uploads\/2017\/02\/IMG_9851.jpg\" alt=\"IMG_9851\" width=\"3648\" height=\"2432\" srcset=\"https:\/\/realtheater-praktikum.de\/wp-content\/uploads\/2017\/02\/IMG_9851.jpg 3648w, https:\/\/realtheater-praktikum.de\/wp-content\/uploads\/2017\/02\/IMG_9851-300x200.jpg 300w, https:\/\/realtheater-praktikum.de\/wp-content\/uploads\/2017\/02\/IMG_9851-768x512.jpg 768w, https:\/\/realtheater-praktikum.de\/wp-content\/uploads\/2017\/02\/IMG_9851-1024x683.jpg 1024w\" sizes=\"(max-width: 3648px) 100vw, 3648px\" \/><\/a><\/p>\n<p>&nbsp;<\/p>\n<p>&nbsp;<\/p>\n<p>Simon, Michael, Emanuel, Fatih und Joshua<\/p>\n<p>&nbsp;<\/p>\n<p><a href=\"https:\/\/realtheater-praktikum.de\/?attachment_id=1136\" rel=\"attachment wp-att-1136\"><img loading=\"lazy\" decoding=\"async\" class=\"alignnone size-full wp-image-1136\" src=\"https:\/\/realtheater-praktikum.de\/wp-content\/uploads\/2017\/02\/IMG_9852.jpg\" alt=\"IMG_9852\" width=\"3648\" height=\"2432\" srcset=\"https:\/\/realtheater-praktikum.de\/wp-content\/uploads\/2017\/02\/IMG_9852.jpg 3648w, https:\/\/realtheater-praktikum.de\/wp-content\/uploads\/2017\/02\/IMG_9852-300x200.jpg 300w, https:\/\/realtheater-praktikum.de\/wp-content\/uploads\/2017\/02\/IMG_9852-768x512.jpg 768w, https:\/\/realtheater-praktikum.de\/wp-content\/uploads\/2017\/02\/IMG_9852-1024x683.jpg 1024w\" sizes=\"(max-width: 3648px) 100vw, 3648px\" \/><\/a><\/p><\/blockquote>\n<blockquote><p>Die Taschen sind leer.<\/p>\n<p><a href=\"https:\/\/realtheater-praktikum.de\/?attachment_id=1138\" rel=\"attachment wp-att-1138\"><img loading=\"lazy\" decoding=\"async\" class=\"alignnone size-full wp-image-1138\" src=\"https:\/\/realtheater-praktikum.de\/wp-content\/uploads\/2017\/02\/IMG_9861.jpg\" alt=\"IMG_9861\" width=\"3648\" height=\"2432\" srcset=\"https:\/\/realtheater-praktikum.de\/wp-content\/uploads\/2017\/02\/IMG_9861.jpg 3648w, https:\/\/realtheater-praktikum.de\/wp-content\/uploads\/2017\/02\/IMG_9861-300x200.jpg 300w, https:\/\/realtheater-praktikum.de\/wp-content\/uploads\/2017\/02\/IMG_9861-768x512.jpg 768w, https:\/\/realtheater-praktikum.de\/wp-content\/uploads\/2017\/02\/IMG_9861-1024x683.jpg 1024w\" sizes=\"(max-width: 3648px) 100vw, 3648px\" \/><\/a><\/p>\n<p>Wir proben: Ali Baba und die 40 &#8211; Pardon &#8211; dreieinhalb R\u00e4uber. Ein modernes M\u00e4rchen nach 200.000.000 N\u00e4chten und 24 Stunden.<\/p><\/blockquote>\n<p>&nbsp;<\/p>\n<p>&nbsp;<\/p>\n<p>&nbsp;<\/p>\n<p>&nbsp;<\/p>\n<p>&nbsp;<\/p>\n","protected":false},"excerpt":{"rendered":"<p class=\"excerpt\">https:\/\/realtheater-praktikum.de\/?p=1191 Erziehung ist die organisierte Verteidigung der Erwachsenen gegen die Jugend. Mark Twain &nbsp; &nbsp; &nbsp; Eine Verteidigung findet nicht statt. &nbsp; &nbsp; Wolfgang und Karin, im Hintergrund Fee, Alexander und Jonah &nbsp; &nbsp; Lesen &nbsp; &nbsp; Gucken &nbsp; und wieder lesen &nbsp; &nbsp; Simon!!!! &nbsp; &nbsp; Michael &amp; Emanuel &nbsp; &nbsp; &nbsp; Simon, Michael, Emanuel, Fatih und Joshua &nbsp;&hellip;<\/p>\n<p class=\"more-link-p\"><a class=\"btn btn-default\" href=\"https:\/\/realtheater-praktikum.de\/?page_id=1014\">Read more<\/a><\/p>\n","protected":false},"author":1,"featured_media":0,"parent":0,"menu_order":0,"comment_status":"closed","ping_status":"closed","template":"","meta":{"footnotes":""},"_links":{"self":[{"href":"https:\/\/realtheater-praktikum.de\/index.php?rest_route=\/wp\/v2\/pages\/1014"}],"collection":[{"href":"https:\/\/realtheater-praktikum.de\/index.php?rest_route=\/wp\/v2\/pages"}],"about":[{"href":"https:\/\/realtheater-praktikum.de\/index.php?rest_route=\/wp\/v2\/types\/page"}],"author":[{"embeddable":true,"href":"https:\/\/realtheater-praktikum.de\/index.php?rest_route=\/wp\/v2\/users\/1"}],"replies":[{"embeddable":true,"href":"https:\/\/realtheater-praktikum.de\/index.php?rest_route=%2Fwp%2Fv2%2Fcomments&post=1014"}],"version-history":[{"count":47,"href":"https:\/\/realtheater-praktikum.de\/index.php?rest_route=\/wp\/v2\/pages\/1014\/revisions"}],"predecessor-version":[{"id":1198,"href":"https:\/\/realtheater-praktikum.de\/index.php?rest_route=\/wp\/v2\/pages\/1014\/revisions\/1198"}],"wp:attachment":[{"href":"https:\/\/realtheater-praktikum.de\/index.php?rest_route=%2Fwp%2Fv2%2Fmedia&parent=1014"}],"curies":[{"name":"wp","href":"https:\/\/api.w.org\/{rel}","templated":true}]}}